{"id":2707,"date":"2022-01-11T09:21:00","date_gmt":"2022-01-11T09:21:00","guid":{"rendered":"http:\/\/activeoverlander.com\/imprimer\/"},"modified":"2022-07-26T08:12:27","modified_gmt":"2022-07-26T08:12:27","slug":"imprimer","status":"publish","type":"page","link":"https:\/\/activeoverlander.com\/fr\/imprimer\/","title":{"rendered":"Imprimer"},"content":{"rendered":"\t\t<div data-elementor-type=\"wp-page\" data-elementor-id=\"2707\" class=\"elementor elementor-2707 elementor-900\" data-elementor-post-type=\"page\">\n\t\t\t\t\t\t<section class=\"elementor-section elementor-top-section elementor-element elementor-element-c60be9b elementor-section-boxed elementor-section-height-default elementor-section-height-default\" data-id=\"c60be9b\" data-element_type=\"section\" data-e-type=\"section\">\n\t\t\t\t\t\t<div class=\"elementor-container elementor-column-gap-default\">\n\t\t\t\t\t<div class=\"elementor-column elementor-col-100 elementor-top-column elementor-element elementor-element-6ea1647\" data-id=\"6ea1647\" data-element_type=\"column\" data-e-type=\"column\">\n\t\t\t<div class=\"elementor-widget-wrap elementor-element-populated\">\n\t\t\t\t\t\t<div class=\"elementor-element elementor-element-f203a95 elementor-widget elementor-widget-text-editor\" data-id=\"f203a95\" data-element_type=\"widget\" data-e-type=\"widget\" data-widget_type=\"text-editor.default\">\n\t\t\t\t\t\t\t\t\t<h1>Imprimer<\/h1><h5>Prestataire de services<\/h5><p>Oliver Wensauer<\/p><p>3, rue Bawsher, b\u00e2timent Safa<\/p><p>bureau 32<\/p><p>Muscat<\/p><p>SULTANAT D&rsquo;OMAN<\/p><h5>Options de contact<\/h5><p>Adresse \u00e9lectronique :<\/p><p>info@activeoverlander.com<\/p><p>T\u00e9l\u00e9phone :<\/p><p>+968 90118516<\/p><h5>Repr\u00e9sentants autoris\u00e9s<\/h5><p>Autoris\u00e9 \u00e0 repr\u00e9senter :<\/p><p>Oliver Wensauer<\/p><h5>Informations sur l&rsquo;entreprise<\/h5><h6>Site web con\u00e7u par Evita Berica<\/h6><p><a href=\"https:\/\/evitaberica.com\" target=\"_blank\" rel=\"noopener\">www.evitaberica.com<\/a><\/p>\t\t\t\t\t\t\t\t<\/div>\n\t\t\t\t\t<\/div>\n\t\t<\/div>\n\t\t\t\t\t<\/div>\n\t\t<\/section>\n\t\t\t\t<\/div>\n\t\t","protected":false},"excerpt":{"rendered":"<p>Imprimer Prestataire de services Oliver Wensauer 3, rue Bawsher, b\u00e2timent Safa bureau 32 Muscat SULTANAT D&rsquo;OMAN Options de contact Adresse \u00e9lectronique : info@activeoverlander.com T\u00e9l\u00e9phone : +968 90118516 Repr\u00e9sentants autoris\u00e9s Autoris\u00e9 \u00e0 repr\u00e9senter : Oliver Wensauer Informations sur l&rsquo;entreprise Site web con\u00e7u par Evita Berica www.evitaberica.com<\/p>\n","protected":false},"author":1,"featured_media":0,"parent":0,"menu_order":0,"comment_status":"closed","ping_status":"closed","template":"","meta":{"_acf_changed":false,"footnotes":""},"class_list":["post-2707","page","type-page","status-publish","hentry"],"acf":[],"_links":{"self":[{"href":"https:\/\/activeoverlander.com\/fr\/wp-json\/wp\/v2\/pages\/2707","targetHints":{"allow":["GET"]}}],"collection":[{"href":"https:\/\/activeoverlander.com\/fr\/wp-json\/wp\/v2\/pages"}],"about":[{"href":"https:\/\/activeoverlander.com\/fr\/wp-json\/wp\/v2\/types\/page"}],"author":[{"embeddable":true,"href":"https:\/\/activeoverlander.com\/fr\/wp-json\/wp\/v2\/users\/1"}],"replies":[{"embeddable":true,"href":"https:\/\/activeoverlander.com\/fr\/wp-json\/wp\/v2\/comments?post=2707"}],"version-history":[{"count":0,"href":"https:\/\/activeoverlander.com\/fr\/wp-json\/wp\/v2\/pages\/2707\/revisions"}],"wp:attachment":[{"href":"https:\/\/activeoverlander.com\/fr\/wp-json\/wp\/v2\/media?parent=2707"}],"curies":[{"name":"wp","href":"https:\/\/api.w.org\/{rel}","templated":true}]}}