{"id":2709,"date":"2022-01-11T09:21:00","date_gmt":"2022-01-11T09:21:00","guid":{"rendered":"http:\/\/activeoverlander.com\/impressum\/"},"modified":"2022-07-26T08:15:25","modified_gmt":"2022-07-26T08:15:25","slug":"impressum","status":"publish","type":"page","link":"https:\/\/activeoverlander.com\/de\/impressum\/","title":{"rendered":"Impressum"},"content":{"rendered":"\t\t<div data-elementor-type=\"wp-page\" data-elementor-id=\"2709\" class=\"elementor elementor-2709 elementor-900\" data-elementor-post-type=\"page\">\n\t\t\t\t\t\t<section class=\"elementor-section elementor-top-section elementor-element elementor-element-c60be9b elementor-section-boxed elementor-section-height-default elementor-section-height-default\" data-id=\"c60be9b\" data-element_type=\"section\" data-e-type=\"section\">\n\t\t\t\t\t\t<div class=\"elementor-container elementor-column-gap-default\">\n\t\t\t\t\t<div class=\"elementor-column elementor-col-100 elementor-top-column elementor-element elementor-element-6ea1647\" data-id=\"6ea1647\" data-element_type=\"column\" data-e-type=\"column\">\n\t\t\t<div class=\"elementor-widget-wrap elementor-element-populated\">\n\t\t\t\t\t\t<div class=\"elementor-element elementor-element-f203a95 elementor-widget elementor-widget-text-editor\" data-id=\"f203a95\" data-element_type=\"widget\" data-e-type=\"widget\" data-widget_type=\"text-editor.default\">\n\t\t\t\t\t\t\t\t\t<h1>Impressum<\/h1><h5>Dienstanbieter<\/h5><p>Oliver Wensauer<\/p><p>3 Bawsher Street, Safa-Geb\u00e4ude<\/p><p>B\u00fcro 32<\/p><p>Maskat<\/p><p>SULTANAT VON OMAN<\/p><h5>Kontaktm\u00f6glichkeiten<\/h5><p>E-Mail Adresse:<\/p><p>info@activeoverlander.com<\/p><p>Telefon:<\/p><p>+968 90118516<\/p><h5>Bevollm\u00e4chtigte Vertreter<\/h5><p>Bevollm\u00e4chtigt zu vertreten:<\/p><p>Oliver Wensauer<\/p><h5>Informationen \u00fcber das Unternehmen<\/h5><h6>Website gestaltet von Evita Berica<\/h6><p><a href=\"https:\/\/evitaberica.com\" target=\"_blank\" rel=\"noopener\">www.evitaberica.com<\/a><\/p>\t\t\t\t\t\t\t\t<\/div>\n\t\t\t\t\t<\/div>\n\t\t<\/div>\n\t\t\t\t\t<\/div>\n\t\t<\/section>\n\t\t\t\t<\/div>\n\t\t","protected":false},"excerpt":{"rendered":"<p>Impressum Dienstanbieter Oliver Wensauer 3 Bawsher Street, Safa-Geb\u00e4ude B\u00fcro 32 Maskat SULTANAT VON OMAN Kontaktm\u00f6glichkeiten E-Mail Adresse: info@activeoverlander.com Telefon: +968 90118516 Bevollm\u00e4chtigte Vertreter Bevollm\u00e4chtigt zu vertreten: Oliver Wensauer Informationen \u00fcber das Unternehmen Website gestaltet von Evita Berica www.evitaberica.com<\/p>\n","protected":false},"author":1,"featured_media":0,"parent":0,"menu_order":0,"comment_status":"closed","ping_status":"closed","template":"","meta":{"_acf_changed":false,"footnotes":""},"class_list":["post-2709","page","type-page","status-publish","hentry"],"acf":[],"_links":{"self":[{"href":"https:\/\/activeoverlander.com\/de\/wp-json\/wp\/v2\/pages\/2709","targetHints":{"allow":["GET"]}}],"collection":[{"href":"https:\/\/activeoverlander.com\/de\/wp-json\/wp\/v2\/pages"}],"about":[{"href":"https:\/\/activeoverlander.com\/de\/wp-json\/wp\/v2\/types\/page"}],"author":[{"embeddable":true,"href":"https:\/\/activeoverlander.com\/de\/wp-json\/wp\/v2\/users\/1"}],"replies":[{"embeddable":true,"href":"https:\/\/activeoverlander.com\/de\/wp-json\/wp\/v2\/comments?post=2709"}],"version-history":[{"count":0,"href":"https:\/\/activeoverlander.com\/de\/wp-json\/wp\/v2\/pages\/2709\/revisions"}],"wp:attachment":[{"href":"https:\/\/activeoverlander.com\/de\/wp-json\/wp\/v2\/media?parent=2709"}],"curies":[{"name":"wp","href":"https:\/\/api.w.org\/{rel}","templated":true}]}}