{"id":9239,"date":"2025-05-06T07:44:39","date_gmt":"2025-05-06T07:44:39","guid":{"rendered":"http:\/\/activeoverlander.com\/itineraires-de-voyage\/"},"modified":"2026-02-26T14:33:56","modified_gmt":"2026-02-26T14:33:56","slug":"itineraires-de-voyage","status":"publish","type":"page","link":"http:\/\/activeoverlander.com\/fr\/itineraires-de-voyage\/","title":{"rendered":"Meilleurs itin\u00e9raires de road trip \u00e0 Oman \u2013 Routes panoramiques &amp; cartes"},"content":{"rendered":"\t\t<div data-elementor-type=\"wp-page\" data-elementor-id=\"9239\" class=\"elementor elementor-9239 elementor-9233\" data-elementor-post-type=\"page\">\n\t\t\t\t\t\t<section class=\"elementor-section elementor-top-section elementor-element elementor-element-42d351f elementor-section-height-min-height elementor-section-content-middle elementor-section-boxed elementor-section-height-default elementor-section-items-middle\" data-id=\"42d351f\" data-element_type=\"section\" data-e-type=\"section\" data-settings=\"{&quot;background_background&quot;:&quot;classic&quot;,&quot;background_motion_fx_motion_fx_scrolling&quot;:&quot;yes&quot;,&quot;background_motion_fx_scale_effect&quot;:&quot;yes&quot;,&quot;background_motion_fx_scale_speed&quot;:{&quot;unit&quot;:&quot;px&quot;,&quot;size&quot;:1,&quot;sizes&quot;:[]},&quot;background_motion_fx_scale_direction&quot;:&quot;out-in&quot;,&quot;background_motion_fx_scale_range&quot;:{&quot;unit&quot;:&quot;%&quot;,&quot;size&quot;:&quot;&quot;,&quot;sizes&quot;:{&quot;start&quot;:20,&quot;end&quot;:80}},&quot;background_motion_fx_devices&quot;:[&quot;desktop&quot;,&quot;tablet&quot;,&quot;mobile&quot;]}\">\n\t\t\t\t\t\t\t<div class=\"elementor-background-overlay\"><\/div>\n\t\t\t\t\t\t\t<div class=\"elementor-container elementor-column-gap-default\">\n\t\t\t\t\t<div class=\"elementor-column elementor-col-100 elementor-top-column elementor-element elementor-element-af0634d\" data-id=\"af0634d\" data-element_type=\"column\" data-e-type=\"column\">\n\t\t\t<div class=\"elementor-widget-wrap elementor-element-populated\">\n\t\t\t\t\t\t<div class=\"elementor-element elementor-element-d4676b0 elementor-invisible elementor-widget elementor-widget-heading\" data-id=\"d4676b0\" data-element_type=\"widget\" data-e-type=\"widget\" data-settings=\"{&quot;_animation&quot;:&quot;fadeInUp&quot;}\" data-widget_type=\"heading.default\">\n\t\t\t\t\t<h1 class=\"elementor-heading-title elementor-size-default\">Meilleurs itin\u00e9raires de road trip \u00e0 Oman \u2013 Routes panoramiques &amp; cartes<\/h1>\t\t\t\t<\/div>\n\t\t\t\t<div class=\"elementor-element elementor-element-de2546b elementor-widget elementor-widget-text-editor\" data-id=\"de2546b\" data-element_type=\"widget\" data-e-type=\"widget\" data-widget_type=\"text-editor.default\">\n\t\t\t\t\t\t\t\t\t<p>Conduisez votre propre 4\u00d74 avec une tente sur le toit et d\u00e9couvrez Oman tel qu&rsquo;il est cens\u00e9 \u00eatre : sauvage, libre et plein d&rsquo;\u00e9toiles.<\/p>\t\t\t\t\t\t\t\t<\/div>\n\t\t\t\t<div class=\"elementor-element elementor-element-d2db564 elementor-align-center elementor-invisible elementor-widget elementor-widget-button\" data-id=\"d2db564\" data-element_type=\"widget\" data-e-type=\"widget\" data-settings=\"{&quot;_animation&quot;:&quot;rotateInUpRight&quot;}\" data-widget_type=\"button.default\">\n\t\t\t\t\t\t\t\t\t\t<a class=\"elementor-button elementor-button-link elementor-size-sm elementor-animation-rotate\" href=\"https:\/\/activeoverlander.com\/fr\/contact\/\">\n\t\t\t\t\t\t<span class=\"elementor-button-content-wrapper\">\n\t\t\t\t\t\t\t\t\t<span class=\"elementor-button-text\">Pr\u00e9parez votre voyage<\/span>\n\t\t\t\t\t<\/span>\n\t\t\t\t\t<\/a>\n\t\t\t\t\t\t\t\t<\/div>\n\t\t\t\t<div class=\"elementor-element elementor-element-4b3868c animated-slow elementor-invisible elementor-widget elementor-widget-text-editor\" data-id=\"4b3868c\" data-element_type=\"widget\" data-e-type=\"widget\" data-settings=\"{&quot;_animation&quot;:&quot;zoomInUp&quot;}\" data-widget_type=\"text-editor.default\">\n\t\t\t\t\t\t\t\t\t<p>\u00b7 D\u00e9filer vers le bas \u00b7<\/p>\t\t\t\t\t\t\t\t<\/div>\n\t\t\t\t\t<\/div>\n\t\t<\/div>\n\t\t\t\t\t<\/div>\n\t\t<\/section>\n\t\t<div class=\"elementor-element elementor-element-4529104 e-flex e-con-boxed e-con e-parent\" data-id=\"4529104\" data-element_type=\"container\" data-e-type=\"container\" data-settings=\"{&quot;background_background&quot;:&quot;classic&quot;}\">\n\t\t\t\t\t<div class=\"e-con-inner\">\n\t\t\t\t<div class=\"elementor-element elementor-element-445f1a2 elementor-widget elementor-widget-heading\" data-id=\"445f1a2\" data-element_type=\"widget\" data-e-type=\"widget\" data-widget_type=\"heading.default\">\n\t\t\t\t\t<h2 class=\"elementor-heading-title elementor-size-default\">Pr\u00eat \u00e0 explorer Oman \u00e0 votre rythme ?<\/h2>\t\t\t\t<\/div>\n\t\t\t\t<div class=\"elementor-element elementor-element-acc310b elementor-widget elementor-widget-text-editor\" data-id=\"acc310b\" data-element_type=\"widget\" data-e-type=\"widget\" data-widget_type=\"text-editor.default\">\n\t\t\t\t\t\t\t\t\t<p><strong data-start=\"1200\" data-end=\"1235\">Les meilleurs itin\u00e9raires de road trip \u00e0 Oman<\/strong> commencent et se terminent \u00e0 <strong data-start=\"1253\" data-end=\"1263\">Mascate<\/strong>, entrela\u00e7ant wadis, d\u00e9serts et c\u00f4tes en une boucle inoubliable. Choisissez un itin\u00e9raire de 7, 10 ou 14 jours, louez un <a class=\"decorated-link cursor-pointer\" href=\"https:\/\/activeoverlander.com\/fr\/des-prix\/\" target=\"_new\" rel=\"noopener\" data-start=\"1371\" data-end=\"1436\">4\u00d74 avec une tente sur le toit<\/a> et r\u00e9veillez-vous \u00e0 c\u00f4t\u00e9 des piscines turquoise <strong data-start=\"1457\" data-end=\"1472\">de Wadi Shab<\/strong>, des dunes de <a class=\"decorated-link cursor-pointer\" href=\"https:\/\/en.wikipedia.org\/wiki\/Sharqiya_Sands\" target=\"_new\" rel=\"noopener\" data-start=\"1503\" data-end=\"1564\">Wahiba Sands<\/a> et de l&rsquo;air frais de <strong data-start=\"1586\" data-end=\"1601\">Jebel Shams<\/strong>. Chaque kilom\u00e8tre a \u00e9t\u00e9 parcouru et test\u00e9 par <strong data-start=\"1099\" data-end=\"1114\">Active Overlander<\/strong>, ce qui vous permet d&rsquo;obtenir des temps de conduite r\u00e9els, des points GPS et les meilleurs endroits pour camper sous un million d&rsquo;\u00e9toiles.  <\/p>\t\t\t\t\t\t\t\t<\/div>\n\t\t\t\t\t<\/div>\n\t\t\t\t<\/div>\n\t\t<div class=\"elementor-element elementor-element-03cd3a0 e-flex e-con-boxed e-con e-parent\" data-id=\"03cd3a0\" data-element_type=\"container\" data-e-type=\"container\" data-settings=\"{&quot;background_background&quot;:&quot;gradient&quot;}\">\n\t\t\t\t\t<div class=\"e-con-inner\">\n\t\t<div class=\"elementor-element elementor-element-9eb034d e-con-full e-flex e-con e-child\" data-id=\"9eb034d\" data-element_type=\"container\" data-e-type=\"container\">\n\t\t\t\t<div class=\"elementor-element elementor-element-1070343 elementor-widget__width-inherit elementor-invisible elementor-widget elementor-widget-image\" data-id=\"1070343\" data-element_type=\"widget\" data-e-type=\"widget\" data-settings=\"{&quot;_animation&quot;:&quot;fadeIn&quot;}\" data-widget_type=\"image.default\">\n\t\t\t\t\t\t\t\t\t\t\t\t<figure class=\"wp-caption\">\n\t\t\t\t\t\t\t\t\t\t\t<a href=\"http:\/\/activeoverlander.com\/wp-content\/uploads\/2025\/05\/6-8-2.png\" data-elementor-open-lightbox=\"yes\" data-elementor-lightbox-title=\"Oman en 6 \u00e0 8 jours\" data-e-action-hash=\"#elementor-action%3Aaction%3Dlightbox%26settings%3DeyJpZCI6OTM1MSwidXJsIjoiaHR0cDpcL1wvYWN0aXZlb3ZlcmxhbmRlci5jb21cL3dwLWNvbnRlbnRcL3VwbG9hZHNcLzIwMjVcLzA1XC82LTgtMi5wbmcifQ%3D%3D\">\n\t\t\t\t\t\t\t<img fetchpriority=\"high\" decoding=\"async\" width=\"800\" height=\"642\" src=\"http:\/\/activeoverlander.com\/wp-content\/uploads\/2025\/05\/6-8-2-1024x822.png\" class=\"attachment-large size-large wp-image-9351\" alt=\"Discover oman in 6 to 8 days\" srcset=\"http:\/\/activeoverlander.com\/wp-content\/uploads\/2025\/05\/6-8-2-1024x822.png 1024w, http:\/\/activeoverlander.com\/wp-content\/uploads\/2025\/05\/6-8-2-300x241.png 300w, http:\/\/activeoverlander.com\/wp-content\/uploads\/2025\/05\/6-8-2-768x617.png 768w, http:\/\/activeoverlander.com\/wp-content\/uploads\/2025\/05\/6-8-2.png 1045w\" sizes=\"(max-width: 800px) 100vw, 800px\" title=\"\">\t\t\t\t\t\t\t\t<\/a>\n\t\t\t\t\t\t\t\t\t\t\t<figcaption class=\"widget-image-caption wp-caption-text\"><\/figcaption>\n\t\t\t\t\t\t\t\t\t\t<\/figure>\n\t\t\t\t\t\t\t\t\t<\/div>\n\t\t\t\t<\/div>\n\t\t<div class=\"elementor-element elementor-element-d66a4bb e-con-full e-flex e-con e-child\" data-id=\"d66a4bb\" data-element_type=\"container\" data-e-type=\"container\">\n\t\t\t\t<div class=\"elementor-element elementor-element-e60f9ba elementor-widget elementor-widget-text-editor\" data-id=\"e60f9ba\" data-element_type=\"widget\" data-e-type=\"widget\" data-widget_type=\"text-editor.default\">\n\t\t\t\t\t\t\t\t\t<h2 class=\"\" data-start=\"1205\" data-end=\"1261\">Boucle des hauts lieux du Nord (recommand\u00e9 pour 6-8 jours)<\/h2><p class=\"\" data-start=\"1262\" data-end=\"1290\"><strong data-start=\"1262\" data-end=\"1281\">Distance totale :<\/strong> ~1100 km<\/p><p class=\"\" data-start=\"1292\" data-end=\"1736\">L&rsquo;itin\u00e9raire id\u00e9al pour les novices. Traversez le <a class=\"cursor-pointer\" target=\"_new\" rel=\"noopener\" data-start=\"1334\" data-end=\"1402\">Snake Canyon<\/a>, escaladez le puissant <a class=\"cursor-pointer\" target=\"_new\" rel=\"noopener\" data-start=\"1421\" data-end=\"1487\">Jebel Shams<\/a> et promenez-vous dans les joyaux historiques d&rsquo;Oman tels que le <a class=\"cursor-pointer\" target=\"_new\" rel=\"noopener\" data-start=\"1534\" data-end=\"1601\">ch\u00e2teau de Jabreen<\/a>, la <a class=\"cursor-pointer\" target=\"_new\" rel=\"noopener\" data-start=\"1603\" data-end=\"1670\">forteresse de Bahla<\/a> et le <a class=\"cursor-pointer\" target=\"_new\" rel=\"noopener\" data-start=\"1676\" data-end=\"1735\">fort de Nizwa<\/a>. <\/p><p class=\"\" data-start=\"1738\" data-end=\"2066\">Vous descendrez \u00e9galement dans les dunes <a class=\"cursor-pointer\" target=\"_new\" rel=\"noopener\" data-start=\"1780\" data-end=\"1850\">de Wahiba Sands<\/a> et explorerez les wadis c\u00f4tiers tels que <a class=\"cursor-pointer\" target=\"_new\" rel=\"noopener\" data-start=\"1882\" data-end=\"1943\">Wadi Arbeen<\/a>, <a class=\"cursor-pointer\" target=\"_new\" rel=\"noopener\" data-start=\"1945\" data-end=\"2002\">Wadi Shab<\/a> et <a class=\"cursor-pointer\" target=\"_new\" rel=\"noopener\" data-start=\"2008\" data-end=\"2065\">Wadi Tiwi<\/a>.<\/p><p class=\"\" data-start=\"2068\" data-end=\"2154\">Cette boucle peut \u00eatre effectu\u00e9e dans le sens des aiguilles d&rsquo;une montre ou dans le sens inverse, selon votre point de d\u00e9part.<\/p>\t\t\t\t\t\t\t\t<\/div>\n\t\t\t\t<\/div>\n\t\t\t\t\t<\/div>\n\t\t\t\t<\/div>\n\t\t<div class=\"elementor-element elementor-element-60d32f6 e-flex e-con-boxed e-con e-parent\" data-id=\"60d32f6\" data-element_type=\"container\" data-e-type=\"container\" data-settings=\"{&quot;background_background&quot;:&quot;classic&quot;}\">\n\t\t\t\t\t<div class=\"e-con-inner\">\n\t\t<div class=\"elementor-element elementor-element-2d063e1 e-con-full e-flex e-con e-child\" data-id=\"2d063e1\" data-element_type=\"container\" data-e-type=\"container\">\n\t\t\t\t<div class=\"elementor-element elementor-element-38114ee elementor-widget__width-inherit elementor-invisible elementor-widget elementor-widget-image\" data-id=\"38114ee\" data-element_type=\"widget\" data-e-type=\"widget\" data-settings=\"{&quot;_animation&quot;:&quot;fadeIn&quot;}\" data-widget_type=\"image.default\">\n\t\t\t\t\t\t\t\t\t\t\t\t\t\t\t\t<a href=\"http:\/\/activeoverlander.com\/wp-content\/uploads\/2025\/05\/10-12.png\" data-elementor-open-lightbox=\"yes\" data-elementor-lightbox-title=\"Extension des zones d\u00e9sertiques et c\u00f4ti\u00e8res\" data-e-action-hash=\"#elementor-action%3Aaction%3Dlightbox%26settings%3DeyJpZCI6OTM1OCwidXJsIjoiaHR0cDpcL1wvYWN0aXZlb3ZlcmxhbmRlci5jb21cL3dwLWNvbnRlbnRcL3VwbG9hZHNcLzIwMjVcLzA1XC8xMC0xMi5wbmcifQ%3D%3D\">\n\t\t\t\t\t\t\t<img decoding=\"async\" width=\"800\" height=\"674\" src=\"http:\/\/activeoverlander.com\/wp-content\/uploads\/2025\/05\/10-12-1024x863.png\" class=\"attachment-large size-large wp-image-9358\" alt=\"Explorez Oman en 10 \u00e0 12 jours\" srcset=\"http:\/\/activeoverlander.com\/wp-content\/uploads\/2025\/05\/10-12-1024x863.png 1024w, http:\/\/activeoverlander.com\/wp-content\/uploads\/2025\/05\/10-12-300x253.png 300w, http:\/\/activeoverlander.com\/wp-content\/uploads\/2025\/05\/10-12-768x647.png 768w, http:\/\/activeoverlander.com\/wp-content\/uploads\/2025\/05\/10-12.png 1053w\" sizes=\"(max-width: 800px) 100vw, 800px\" title=\"\">\t\t\t\t\t\t\t\t<\/a>\n\t\t\t\t\t\t\t\t\t\t\t\t\t\t\t<\/div>\n\t\t\t\t<\/div>\n\t\t<div class=\"elementor-element elementor-element-96395f0 e-con-full e-flex e-con e-child\" data-id=\"96395f0\" data-element_type=\"container\" data-e-type=\"container\">\n\t\t\t\t<div class=\"elementor-element elementor-element-ba88c62 elementor-widget elementor-widget-text-editor\" data-id=\"ba88c62\" data-element_type=\"widget\" data-e-type=\"widget\" data-widget_type=\"text-editor.default\">\n\t\t\t\t\t\t\t\t\t<h2 class=\"\" data-start=\"2161\" data-end=\"2221\">Extension d\u00e9sert et c\u00f4te (recommand\u00e9 pour 10-12 jours)<\/h2><p class=\"\" data-start=\"2222\" data-end=\"2250\"><strong data-start=\"2222\" data-end=\"2241\">Distance totale :<\/strong> ~1500 km<\/p><p class=\"\" data-start=\"2252\" data-end=\"2340\">Poussez encore plus loin l&rsquo;isolement sauvage. Ajoutez l&rsquo;un des joyaux de la c\u00f4te d&rsquo;Oman : <\/p><ul data-start=\"2341\" data-end=\"2557\"><li class=\"\" data-start=\"2341\" data-end=\"2417\"><p class=\"\" data-start=\"2343\" data-end=\"2417\"><a class=\"cursor-pointer\" target=\"_new\" rel=\"noopener\" data-start=\"2343\" data-end=\"2415\">Bar Al Hikman Lagoon<\/a><\/p><\/li><li class=\"\" data-start=\"2418\" data-end=\"2487\"><p class=\"\" data-start=\"2420\" data-end=\"2487\"><a class=\"cursor-pointer\" target=\"_new\" rel=\"noopener\" data-start=\"2420\" data-end=\"2485\">Les dunes de sucre<\/a><\/p><\/li><li class=\"\" data-start=\"2488\" data-end=\"2557\"><p class=\"\" data-start=\"2490\" data-end=\"2557\"><a class=\"cursor-pointer\" target=\"_new\" rel=\"noopener\" data-start=\"2490\" data-end=\"2557\">\u00cele de Masirah<\/a><\/p><\/li><\/ul><p class=\"\" data-start=\"2559\" data-end=\"2781\">Pour y acc\u00e9der, vous traverserez le d\u00e9sert, g\u00e9n\u00e9ralement du nord au sud. Cela prend environ 3 \u00e0 4 heures et n\u00e9cessite un 4&#215;4, un r\u00e9servoir plein, des pneus d\u00e9gonfl\u00e9s et un GPS hors ligne. Il n&rsquo;y a pas de signal mobile dans cette r\u00e9gion, soyez donc bien pr\u00e9par\u00e9.  <\/p><p class=\"\" data-start=\"2783\" data-end=\"2872\">Pour obtenir des mises \u00e0 jour officielles et des conseils, consultez le site <a class=\"\" href=\"https:\/\/experienceoman.om\/\" target=\"_new\" rel=\"noopener\" data-start=\"2824\" data-end=\"2871\">experienceoman.om.<\/a><\/p>\t\t\t\t\t\t\t\t<\/div>\n\t\t\t\t<\/div>\n\t\t\t\t\t<\/div>\n\t\t\t\t<\/div>\n\t\t<div class=\"elementor-element elementor-element-363ca3f e-flex e-con-boxed e-con e-parent\" data-id=\"363ca3f\" data-element_type=\"container\" data-e-type=\"container\" data-settings=\"{&quot;background_background&quot;:&quot;gradient&quot;}\">\n\t\t\t\t\t<div class=\"e-con-inner\">\n\t\t<div class=\"elementor-element elementor-element-7a85d5f e-con-full e-flex e-con e-child\" data-id=\"7a85d5f\" data-element_type=\"container\" data-e-type=\"container\">\n\t\t\t\t<div class=\"elementor-element elementor-element-a8eeedc elementor-widget__width-inherit elementor-invisible elementor-widget elementor-widget-image\" data-id=\"a8eeedc\" data-element_type=\"widget\" data-e-type=\"widget\" data-settings=\"{&quot;_animation&quot;:&quot;fadeIn&quot;}\" data-widget_type=\"image.default\">\n\t\t\t\t\t\t\t\t\t\t\t\t\t\t\t\t<a href=\"http:\/\/activeoverlander.com\/wp-content\/uploads\/2025\/05\/12-1.png\" data-elementor-open-lightbox=\"yes\" data-elementor-lightbox-title=\"Grand voyage en Oman\" data-e-action-hash=\"#elementor-action%3Aaction%3Dlightbox%26settings%3DeyJpZCI6OTM2NywidXJsIjoiaHR0cDpcL1wvYWN0aXZlb3ZlcmxhbmRlci5jb21cL3dwLWNvbnRlbnRcL3VwbG9hZHNcLzIwMjVcLzA1XC8xMi0xLnBuZyJ9\">\n\t\t\t\t\t\t\t<img decoding=\"async\" width=\"800\" height=\"644\" src=\"http:\/\/activeoverlander.com\/wp-content\/uploads\/2025\/05\/12-1-1024x824.png\" class=\"attachment-large size-large wp-image-9367\" alt=\"Explorez Oman en 12 jours ou plus\" srcset=\"http:\/\/activeoverlander.com\/wp-content\/uploads\/2025\/05\/12-1-1024x824.png 1024w, http:\/\/activeoverlander.com\/wp-content\/uploads\/2025\/05\/12-1-300x241.png 300w, http:\/\/activeoverlander.com\/wp-content\/uploads\/2025\/05\/12-1-768x618.png 768w, http:\/\/activeoverlander.com\/wp-content\/uploads\/2025\/05\/12-1.png 1034w\" sizes=\"(max-width: 800px) 100vw, 800px\" title=\"\">\t\t\t\t\t\t\t\t<\/a>\n\t\t\t\t\t\t\t\t\t\t\t\t\t\t\t<\/div>\n\t\t\t\t<\/div>\n\t\t<div class=\"elementor-element elementor-element-489f833 e-con-full e-flex e-con e-child\" data-id=\"489f833\" data-element_type=\"container\" data-e-type=\"container\">\n\t\t\t\t<div class=\"elementor-element elementor-element-8cc474d elementor-widget elementor-widget-text-editor\" data-id=\"8cc474d\" data-element_type=\"widget\" data-e-type=\"widget\" data-widget_type=\"text-editor.default\">\n\t\t\t\t\t\t\t\t\t<h2 class=\"\" data-start=\"2879\" data-end=\"2938\">Grand voyage en Oman (recommand\u00e9 pour 12 jours ou plus)<\/h2><p class=\"\" data-start=\"2939\" data-end=\"2967\"><strong data-start=\"2939\" data-end=\"2958\">Distance totale :<\/strong> ~3400 km<\/p><p class=\"\" data-start=\"2969\" data-end=\"3152\">Si vous \u00eates pr\u00eat \u00e0 vous lancer \u00e0 fond, rendez-vous \u00e0 Salalah, le joyau vert du sud d&rsquo;Oman. Le voyage est long (10 heures depuis Mascate ou 8 depuis les dunes de sucre), mais la r\u00e9compense en vaut la peine. <\/p><p class=\"\" data-start=\"3154\" data-end=\"3177\">Ne manquez pas de l&rsquo;explorer :<\/p><ul data-start=\"3178\" data-end=\"3509\"><li class=\"\" data-start=\"3178\" data-end=\"3270\"><p class=\"\" data-start=\"3180\" data-end=\"3270\">La spectaculaire <a class=\"cursor-pointer\" target=\"_new\" rel=\"noopener\" data-start=\"3193\" data-end=\"3268\">route c\u00f4ti\u00e8re de Shuwamiyah<\/a><\/p><\/li><li class=\"\" data-start=\"3271\" data-end=\"3395\"><p class=\"\" data-start=\"3273\" data-end=\"3395\">L&rsquo;ouest sauvage vers <a class=\"cursor-pointer\" target=\"_new\" rel=\"noopener\" data-start=\"3294\" data-end=\"3353\">Rakhyut<\/a> et la fronti\u00e8re y\u00e9m\u00e9nite (s\u00fbr et pittoresque)<\/p><\/li><li class=\"\" data-start=\"3396\" data-end=\"3509\"><p class=\"\" data-start=\"3398\" data-end=\"3509\">Un d\u00e9tour audacieux par le <a class=\"cursor-pointer\" target=\"_new\" rel=\"noopener\" data-start=\"3421\" data-end=\"3493\">Rub&rsquo; al Khali<\/a> (quartier vide)<\/p><\/li><\/ul><p class=\"\" data-start=\"3511\" data-end=\"3586\">Attendez-vous \u00e0 des plages d\u00e9sertes, \u00e0 des falaises imposantes et \u00e0 une atmosph\u00e8re de v\u00e9ritable isolement.<\/p>\t\t\t\t\t\t\t\t<\/div>\n\t\t\t\t<\/div>\n\t\t\t\t\t<\/div>\n\t\t\t\t<\/div>\n\t\t\t\t<\/div>\n\t\t","protected":false},"excerpt":{"rendered":"<p>Meilleurs itin\u00e9raires de road trip \u00e0 Oman \u2013 Routes panoramiques &amp; cartes Conduisez votre propre 4\u00d74 avec une tente sur le toit et d\u00e9couvrez Oman tel qu&rsquo;il est cens\u00e9 \u00eatre : sauvage, libre et plein d&rsquo;\u00e9toiles. Pr\u00e9parez votre voyage \u00b7 D\u00e9filer vers le bas \u00b7 Pr\u00eat \u00e0 explorer Oman \u00e0 votre rythme ? Les meilleurs [&hellip;]<\/p>\n","protected":false},"author":1,"featured_media":2218,"parent":0,"menu_order":0,"comment_status":"closed","ping_status":"closed","template":"","meta":{"_acf_changed":false,"footnotes":""},"class_list":["post-9239","page","type-page","status-publish","has-post-thumbnail","hentry"],"acf":[],"_links":{"self":[{"href":"http:\/\/activeoverlander.com\/fr\/wp-json\/wp\/v2\/pages\/9239","targetHints":{"allow":["GET"]}}],"collection":[{"href":"http:\/\/activeoverlander.com\/fr\/wp-json\/wp\/v2\/pages"}],"about":[{"href":"http:\/\/activeoverlander.com\/fr\/wp-json\/wp\/v2\/types\/page"}],"author":[{"embeddable":true,"href":"http:\/\/activeoverlander.com\/fr\/wp-json\/wp\/v2\/users\/1"}],"replies":[{"embeddable":true,"href":"http:\/\/activeoverlander.com\/fr\/wp-json\/wp\/v2\/comments?post=9239"}],"version-history":[{"count":26,"href":"http:\/\/activeoverlander.com\/fr\/wp-json\/wp\/v2\/pages\/9239\/revisions"}],"predecessor-version":[{"id":11578,"href":"http:\/\/activeoverlander.com\/fr\/wp-json\/wp\/v2\/pages\/9239\/revisions\/11578"}],"wp:featuredmedia":[{"embeddable":true,"href":"http:\/\/activeoverlander.com\/fr\/wp-json\/wp\/v2\/media\/2218"}],"wp:attachment":[{"href":"http:\/\/activeoverlander.com\/fr\/wp-json\/wp\/v2\/media?parent=9239"}],"curies":[{"name":"wp","href":"https:\/\/api.w.org\/{rel}","templated":true}]}}