{"id":2747,"date":"2021-12-22T14:07:30","date_gmt":"2021-12-22T14:07:30","guid":{"rendered":"http:\/\/activeoverlander.com\/blog-de-voyage\/"},"modified":"2026-02-05T13:49:41","modified_gmt":"2026-02-05T13:49:41","slug":"blog-de-voyage","status":"publish","type":"page","link":"http:\/\/activeoverlander.com\/fr\/blog-de-voyage\/","title":{"rendered":"Blog de voyage"},"content":{"rendered":"\t\t<div data-elementor-type=\"wp-page\" data-elementor-id=\"2747\" class=\"elementor elementor-2747 elementor-17\" data-elementor-post-type=\"page\">\n\t\t\t\t\t\t<section class=\"elementor-section elementor-top-section elementor-element elementor-element-9fb264c elementor-section-height-min-height elementor-section-content-middle elementor-section-boxed elementor-section-height-default elementor-section-items-middle\" data-id=\"9fb264c\" data-element_type=\"section\" data-e-type=\"section\" data-settings=\"{&quot;background_background&quot;:&quot;classic&quot;,&quot;background_motion_fx_motion_fx_scrolling&quot;:&quot;yes&quot;,&quot;background_motion_fx_scale_effect&quot;:&quot;yes&quot;,&quot;background_motion_fx_scale_direction&quot;:&quot;out-in&quot;,&quot;background_motion_fx_scale_speed&quot;:{&quot;unit&quot;:&quot;px&quot;,&quot;size&quot;:4,&quot;sizes&quot;:[]},&quot;background_motion_fx_scale_range&quot;:{&quot;unit&quot;:&quot;%&quot;,&quot;size&quot;:&quot;&quot;,&quot;sizes&quot;:{&quot;start&quot;:20,&quot;end&quot;:80}},&quot;background_motion_fx_devices&quot;:[&quot;desktop&quot;,&quot;tablet&quot;,&quot;mobile&quot;]}\">\n\t\t\t\t\t\t\t<div class=\"elementor-background-overlay\"><\/div>\n\t\t\t\t\t\t\t<div class=\"elementor-container elementor-column-gap-default\">\n\t\t\t\t\t<div class=\"elementor-column elementor-col-100 elementor-top-column elementor-element elementor-element-69b261d\" data-id=\"69b261d\" data-element_type=\"column\" data-e-type=\"column\">\n\t\t\t<div class=\"elementor-widget-wrap elementor-element-populated\">\n\t\t\t\t\t\t<div class=\"elementor-element elementor-element-6134d72 elementor-invisible elementor-widget elementor-widget-heading\" data-id=\"6134d72\" data-element_type=\"widget\" data-e-type=\"widget\" data-settings=\"{&quot;_animation&quot;:&quot;fadeInUp&quot;}\" data-widget_type=\"heading.default\">\n\t\t\t\t\t<h1 class=\"elementor-heading-title elementor-size-default\"><a href=\"https:\/\/travelworklive.de\/\" target=\"_blank\" rel=\"noopener\">Explorez Oman : Guides, conseils et r\u00e9cits de voyages d'aventure<\/a><\/h1>\t\t\t\t<\/div>\n\t\t\t\t<div class=\"elementor-element elementor-element-9efcb5d animated-slow elementor-invisible elementor-widget elementor-widget-heading\" data-id=\"9efcb5d\" data-element_type=\"widget\" data-e-type=\"widget\" data-settings=\"{&quot;_animation&quot;:&quot;fadeInUp&quot;,&quot;_animation_tablet&quot;:&quot;fadeInUp&quot;,&quot;_animation_mobile&quot;:&quot;fadeInUp&quot;,&quot;_animation_delay&quot;:1200}\" data-widget_type=\"heading.default\">\n\t\t\t\t\t<h2 class=\"elementor-heading-title elementor-size-default\">D\u00e9couvrez le meilleur d'Oman avec des conseils de voyage d'experts, des r\u00e9cits inspirants et des guides d'aventure.<\/h2>\t\t\t\t<\/div>\n\t\t\t\t<div class=\"elementor-element elementor-element-9805192 animated-slow elementor-invisible elementor-widget elementor-widget-text-editor\" data-id=\"9805192\" data-element_type=\"widget\" data-e-type=\"widget\" data-settings=\"{&quot;_animation&quot;:&quot;zoomInUp&quot;}\" data-widget_type=\"text-editor.default\">\n\t\t\t\t\t\t\t\t\t<p>\u00b7 D\u00e9filer vers le bas \u00b7<\/p>\t\t\t\t\t\t\t\t<\/div>\n\t\t\t\t\t<\/div>\n\t\t<\/div>\n\t\t\t\t\t<\/div>\n\t\t<\/section>\n\t\t\t\t<section class=\"elementor-section elementor-top-section elementor-element elementor-element-0fd89ab elementor-section-full_width elementor-section-height-default elementor-section-height-default\" data-id=\"0fd89ab\" data-element_type=\"section\" data-e-type=\"section\">\n\t\t\t\t\t\t<div class=\"elementor-container elementor-column-gap-default\">\n\t\t\t\t\t<div class=\"elementor-column elementor-col-100 elementor-top-column elementor-element elementor-element-14386ac\" data-id=\"14386ac\" data-element_type=\"column\" data-e-type=\"column\">\n\t\t\t<div class=\"elementor-widget-wrap elementor-element-populated\">\n\t\t\t\t\t\t<div class=\"elementor-element elementor-element-a57e5dc elementor-widget elementor-widget-heading\" data-id=\"a57e5dc\" data-element_type=\"widget\" data-e-type=\"widget\" data-settings=\"{&quot;_animation_mobile&quot;:&quot;fadeInUp&quot;}\" data-widget_type=\"heading.default\">\n\t\t\t\t\t<h2 class=\"elementor-heading-title elementor-size-default\">Blog de voyage<\/h2>\t\t\t\t<\/div>\n\t\t\t\t<div class=\"elementor-element elementor-element-95eb5be elementor-widget elementor-widget-heading\" data-id=\"95eb5be\" data-element_type=\"widget\" data-e-type=\"widget\" data-settings=\"{&quot;_animation_mobile&quot;:&quot;fadeInUp&quot;}\" data-widget_type=\"heading.default\">\n\t\t\t\t\t<h3 class=\"elementor-heading-title elementor-size-default\">\"Tous ceux qui errent ne sont pas perdus<\/h3>\t\t\t\t<\/div>\n\t\t\t\t<div class=\"elementor-element elementor-element-769678d elementor-widget elementor-widget-heading\" data-id=\"769678d\" data-element_type=\"widget\" data-e-type=\"widget\" data-widget_type=\"heading.default\">\n\t\t\t\t\t<h2 class=\"elementor-heading-title elementor-size-default\">J. R. R. Tolkien<\/h2>\t\t\t\t<\/div>\n\t\t\t\t<div class=\"elementor-element elementor-element-464d1cb elementor-widget-divider--view-line elementor-widget elementor-widget-divider\" data-id=\"464d1cb\" data-element_type=\"widget\" data-e-type=\"widget\" data-widget_type=\"divider.default\">\n\t\t\t\t\t\t\t<div class=\"elementor-divider\">\n\t\t\t<span class=\"elementor-divider-separator\">\n\t\t\t\t\t\t<\/span>\n\t\t<\/div>\n\t\t\t\t\t\t<\/div>\n\t\t\t\t<div class=\"elementor-element elementor-element-a90e3ab elementor-grid-3 elementor-grid-tablet-2 elementor-grid-mobile-1 elementor-posts--thumbnail-top elementor-widget elementor-widget-posts\" data-id=\"a90e3ab\" data-element_type=\"widget\" data-e-type=\"widget\" data-settings=\"{&quot;pagination_type&quot;:&quot;numbers_and_prev_next&quot;,&quot;classic_columns&quot;:&quot;3&quot;,&quot;classic_columns_tablet&quot;:&quot;2&quot;,&quot;classic_columns_mobile&quot;:&quot;1&quot;,&quot;classic_row_gap&quot;:{&quot;unit&quot;:&quot;px&quot;,&quot;size&quot;:35,&quot;sizes&quot;:[]},&quot;classic_row_gap_tablet&quot;:{&quot;unit&quot;:&quot;px&quot;,&quot;size&quot;:&quot;&quot;,&quot;sizes&quot;:[]},&quot;classic_row_gap_mobile&quot;:{&quot;unit&quot;:&quot;px&quot;,&quot;size&quot;:&quot;&quot;,&quot;sizes&quot;:[]}}\" data-widget_type=\"posts.classic\">\n\t\t\t\t<div class=\"elementor-widget-container\">\n\t\t\t\t\t\t\t<div class=\"elementor-posts-container elementor-posts elementor-posts--skin-classic elementor-grid\" role=\"list\">\n\t\t\t\t<article class=\"elementor-post elementor-grid-item post-9663 impressions type-impressions status-publish has-post-thumbnail hentry\" role=\"listitem\">\n\t\t\t\t<a class=\"elementor-post__thumbnail__link\" href=\"http:\/\/activeoverlander.com\/fr\/impressions\/les-vols-de-drones-sont-desormais-autorises-a-oman\/\" tabindex=\"-1\">\n\t\t\t<div class=\"elementor-post__thumbnail\"><img fetchpriority=\"high\" decoding=\"async\" width=\"768\" height=\"512\" src=\"http:\/\/activeoverlander.com\/wp-content\/uploads\/2025\/10\/drone_oman_landscape.png\" class=\"attachment-large size-large wp-image-9658\" alt=\"Drone Flying in Oman\" title=\"\" srcset=\"http:\/\/activeoverlander.com\/wp-content\/uploads\/2025\/10\/drone_oman_landscape.png 768w, http:\/\/activeoverlander.com\/wp-content\/uploads\/2025\/10\/drone_oman_landscape-300x200.png 300w\" sizes=\"(max-width: 768px) 100vw, 768px\" \/><\/div>\n\t\t<\/a>\n\t\t\t\t<div class=\"elementor-post__text\">\n\t\t\t\t<h1 class=\"elementor-post__title\">\n\t\t\t<a href=\"http:\/\/activeoverlander.com\/fr\/impressions\/les-vols-de-drones-sont-desormais-autorises-a-oman\/\">\n\t\t\t\tLES VOLS DE DRONES SONT D\u00c9SORMAIS AUTORIS\u00c9S \u00c0 OMAN&#8230; !!\t\t\t<\/a>\n\t\t<\/h1>\n\t\t\t\t<div class=\"elementor-post__excerpt\">\n\t\t\t<p>Envolez-vous vers de nouveaux sommets : Votre guide ultime du vol de drone \u00e0 Oman<\/p>\n\t\t<\/div>\n\t\t\n\t\t<a class=\"elementor-post__read-more\" href=\"http:\/\/activeoverlander.com\/fr\/impressions\/les-vols-de-drones-sont-desormais-autorises-a-oman\/\" aria-label=\"En savoir plus sur LES VOLS DE DRONES SONT D\u00c9SORMAIS AUTORIS\u00c9S \u00c0 OMAN&#8230; !!\" tabindex=\"-1\">\n\t\t\tLire la suite \"\t\t<\/a>\n\n\t\t\t\t<\/div>\n\t\t\t\t<\/article>\n\t\t\t\t<article class=\"elementor-post elementor-grid-item post-9665 impressions type-impressions status-publish has-post-thumbnail hentry\" role=\"listitem\">\n\t\t\t\t<a class=\"elementor-post__thumbnail__link\" href=\"http:\/\/activeoverlander.com\/fr\/impressions\/les-5-meilleurs-itineraires-dans-le-desert-doman-pour-des-aventures-de-camping-en-4x4\/\" tabindex=\"-1\">\n\t\t\t<div class=\"elementor-post__thumbnail\"><img decoding=\"async\" width=\"800\" height=\"534\" src=\"http:\/\/activeoverlander.com\/wp-content\/uploads\/2025\/09\/oman-desert-dunes-wahiba-sands-1024x683.jpg\" class=\"attachment-large size-large wp-image-9634\" alt=\"crossing dunes in Wahiba Sands, Oman\" title=\"\" srcset=\"http:\/\/activeoverlander.com\/wp-content\/uploads\/2025\/09\/oman-desert-dunes-wahiba-sands-1024x683.jpg 1024w, http:\/\/activeoverlander.com\/wp-content\/uploads\/2025\/09\/oman-desert-dunes-wahiba-sands-300x200.jpg 300w, http:\/\/activeoverlander.com\/wp-content\/uploads\/2025\/09\/oman-desert-dunes-wahiba-sands-768x512.jpg 768w, http:\/\/activeoverlander.com\/wp-content\/uploads\/2025\/09\/oman-desert-dunes-wahiba-sands-1536x1024.jpg 1536w, http:\/\/activeoverlander.com\/wp-content\/uploads\/2025\/09\/oman-desert-dunes-wahiba-sands.jpg 1900w\" sizes=\"(max-width: 800px) 100vw, 800px\" \/><\/div>\n\t\t<\/a>\n\t\t\t\t<div class=\"elementor-post__text\">\n\t\t\t\t<h1 class=\"elementor-post__title\">\n\t\t\t<a href=\"http:\/\/activeoverlander.com\/fr\/impressions\/les-5-meilleurs-itineraires-dans-le-desert-doman-pour-des-aventures-de-camping-en-4x4\/\">\n\t\t\t\tLes 5 meilleurs itin\u00e9raires dans le d\u00e9sert d&rsquo;Oman pour des aventures de camping en 4&#215;4\t\t\t<\/a>\n\t\t<\/h1>\n\t\t\t\t<div class=\"elementor-post__excerpt\">\n\t\t\t<p>Les 5 meilleurs itin\u00e9raires dans le d\u00e9sert d&rsquo;Oman pour des aventures de camping en 4&#215;4<\/p>\n\t\t<\/div>\n\t\t\n\t\t<a class=\"elementor-post__read-more\" href=\"http:\/\/activeoverlander.com\/fr\/impressions\/les-5-meilleurs-itineraires-dans-le-desert-doman-pour-des-aventures-de-camping-en-4x4\/\" aria-label=\"En savoir plus sur Les 5 meilleurs itin\u00e9raires dans le d\u00e9sert d&rsquo;Oman pour des aventures de camping en 4&#215;4\" tabindex=\"-1\">\n\t\t\tLire la suite \"\t\t<\/a>\n\n\t\t\t\t<\/div>\n\t\t\t\t<\/article>\n\t\t\t\t<article class=\"elementor-post elementor-grid-item post-9667 impressions type-impressions status-publish has-post-thumbnail hentry\" role=\"listitem\">\n\t\t\t\t<a class=\"elementor-post__thumbnail__link\" href=\"http:\/\/activeoverlander.com\/fr\/impressions\/dunes-de-sucre-doman-tente-de-camping-sur-le-toit\/\" tabindex=\"-1\">\n\t\t\t<div class=\"elementor-post__thumbnail\"><img decoding=\"async\" width=\"800\" height=\"534\" src=\"http:\/\/activeoverlander.com\/wp-content\/uploads\/2025\/09\/Sugar-Dunes-Oman-rooftop-tent-camping-1-1024x683.jpg\" class=\"attachment-large size-large wp-image-9609\" alt=\"\" title=\"\" srcset=\"http:\/\/activeoverlander.com\/wp-content\/uploads\/2025\/09\/Sugar-Dunes-Oman-rooftop-tent-camping-1-1024x683.jpg 1024w, http:\/\/activeoverlander.com\/wp-content\/uploads\/2025\/09\/Sugar-Dunes-Oman-rooftop-tent-camping-1-300x200.jpg 300w, http:\/\/activeoverlander.com\/wp-content\/uploads\/2025\/09\/Sugar-Dunes-Oman-rooftop-tent-camping-1-768x512.jpg 768w, http:\/\/activeoverlander.com\/wp-content\/uploads\/2025\/09\/Sugar-Dunes-Oman-rooftop-tent-camping-1-1536x1024.jpg 1536w, http:\/\/activeoverlander.com\/wp-content\/uploads\/2025\/09\/Sugar-Dunes-Oman-rooftop-tent-camping-1-2048x1365.jpg 2048w\" sizes=\"(max-width: 800px) 100vw, 800px\" \/><\/div>\n\t\t<\/a>\n\t\t\t\t<div class=\"elementor-post__text\">\n\t\t\t\t<h1 class=\"elementor-post__title\">\n\t\t\t<a href=\"http:\/\/activeoverlander.com\/fr\/impressions\/dunes-de-sucre-doman-tente-de-camping-sur-le-toit\/\">\n\t\t\t\tDunes de sucre d&rsquo;Oman Tente de camping sur le toit\t\t\t<\/a>\n\t\t<\/h1>\n\t\t\t\t<div class=\"elementor-post__excerpt\">\n\t\t\t<p>Sugar Dunes Oman : Le paradis du camping sous tente Qu&rsquo;est-ce que les dunes de<\/p>\n\t\t<\/div>\n\t\t\n\t\t<a class=\"elementor-post__read-more\" href=\"http:\/\/activeoverlander.com\/fr\/impressions\/dunes-de-sucre-doman-tente-de-camping-sur-le-toit\/\" aria-label=\"En savoir plus sur Dunes de sucre d&rsquo;Oman Tente de camping sur le toit\" tabindex=\"-1\">\n\t\t\tLire la suite \"\t\t<\/a>\n\n\t\t\t\t<\/div>\n\t\t\t\t<\/article>\n\t\t\t\t<article class=\"elementor-post elementor-grid-item post-9431 impressions type-impressions status-publish has-post-thumbnail hentry\" role=\"listitem\">\n\t\t\t\t<a class=\"elementor-post__thumbnail__link\" href=\"http:\/\/activeoverlander.com\/fr\/impressions\/voyage-en-camping-a-oman-2-semaines-dans-une-tente-4x4-sur-le-toit\/\" tabindex=\"-1\">\n\t\t\t<div class=\"elementor-post__thumbnail\"><img loading=\"lazy\" decoding=\"async\" width=\"800\" height=\"450\" src=\"http:\/\/activeoverlander.com\/wp-content\/uploads\/2025\/05\/oman-camping-roadtrip-1024x576.jpg\" class=\"attachment-large size-large wp-image-9412\" alt=\"Oman camping trip\" title=\"\" srcset=\"http:\/\/activeoverlander.com\/wp-content\/uploads\/2025\/05\/oman-camping-roadtrip-1024x576.jpg 1024w, http:\/\/activeoverlander.com\/wp-content\/uploads\/2025\/05\/oman-camping-roadtrip-300x169.jpg 300w, http:\/\/activeoverlander.com\/wp-content\/uploads\/2025\/05\/oman-camping-roadtrip-768x432.jpg 768w, http:\/\/activeoverlander.com\/wp-content\/uploads\/2025\/05\/oman-camping-roadtrip-1536x864.jpg 1536w, http:\/\/activeoverlander.com\/wp-content\/uploads\/2025\/05\/oman-camping-roadtrip.jpg 1900w\" sizes=\"(max-width: 800px) 100vw, 800px\" \/><\/div>\n\t\t<\/a>\n\t\t\t\t<div class=\"elementor-post__text\">\n\t\t\t\t<h1 class=\"elementor-post__title\">\n\t\t\t<a href=\"http:\/\/activeoverlander.com\/fr\/impressions\/voyage-en-camping-a-oman-2-semaines-dans-une-tente-4x4-sur-le-toit\/\">\n\t\t\t\tVoyage en camping \u00e0 Oman &#8211; 2 semaines dans une tente 4&#215;4 sur le toit\t\t\t<\/a>\n\t\t<\/h1>\n\t\t\t\t<div class=\"elementor-post__excerpt\">\n\t\t\t<p>2 semaines \u00e0 Oman : A Rooftop Tent Camping Adventure (Guest Story) Cet article a<\/p>\n\t\t<\/div>\n\t\t\n\t\t<a class=\"elementor-post__read-more\" href=\"http:\/\/activeoverlander.com\/fr\/impressions\/voyage-en-camping-a-oman-2-semaines-dans-une-tente-4x4-sur-le-toit\/\" aria-label=\"En savoir plus sur Voyage en camping \u00e0 Oman &#8211; 2 semaines dans une tente 4&#215;4 sur le toit\" tabindex=\"-1\">\n\t\t\tLire la suite \"\t\t<\/a>\n\n\t\t\t\t<\/div>\n\t\t\t\t<\/article>\n\t\t\t\t<article class=\"elementor-post elementor-grid-item post-9399 impressions type-impressions status-publish has-post-thumbnail hentry\" role=\"listitem\">\n\t\t\t\t<a class=\"elementor-post__thumbnail__link\" href=\"http:\/\/activeoverlander.com\/fr\/impressions\/attrapez-le-vent-aventures-epiques-de-kitesurf-a-oman-en-ete\/\" tabindex=\"-1\">\n\t\t\t<div class=\"elementor-post__thumbnail\"><img loading=\"lazy\" decoding=\"async\" width=\"800\" height=\"534\" src=\"http:\/\/activeoverlander.com\/wp-content\/uploads\/2025\/05\/pexels-mographe-30560213_optimized-1024x683.jpg\" class=\"attachment-large size-large wp-image-9332\" alt=\"Catch the Wind: Kite Surfing Adventures in Oman in Summer\" title=\"\" srcset=\"http:\/\/activeoverlander.com\/wp-content\/uploads\/2025\/05\/pexels-mographe-30560213_optimized-1024x683.jpg 1024w, http:\/\/activeoverlander.com\/wp-content\/uploads\/2025\/05\/pexels-mographe-30560213_optimized-300x200.jpg 300w, http:\/\/activeoverlander.com\/wp-content\/uploads\/2025\/05\/pexels-mographe-30560213_optimized-768x512.jpg 768w, http:\/\/activeoverlander.com\/wp-content\/uploads\/2025\/05\/pexels-mographe-30560213_optimized.jpg 1200w\" sizes=\"(max-width: 800px) 100vw, 800px\" \/><\/div>\n\t\t<\/a>\n\t\t\t\t<div class=\"elementor-post__text\">\n\t\t\t\t<h1 class=\"elementor-post__title\">\n\t\t\t<a href=\"http:\/\/activeoverlander.com\/fr\/impressions\/attrapez-le-vent-aventures-epiques-de-kitesurf-a-oman-en-ete\/\">\n\t\t\t\tAttrapez le vent : Aventures \u00e9piques de kitesurf \u00e0 Oman en \u00e9t\u00e9\t\t\t<\/a>\n\t\t<\/h1>\n\t\t\t\t<div class=\"elementor-post__excerpt\">\n\t\t\t<p>Kitesurf \u00e0 Oman : Aventures estivales avec un 4&#215;4 et une tente sur le toit<\/p>\n\t\t<\/div>\n\t\t\n\t\t<a class=\"elementor-post__read-more\" href=\"http:\/\/activeoverlander.com\/fr\/impressions\/attrapez-le-vent-aventures-epiques-de-kitesurf-a-oman-en-ete\/\" aria-label=\"En savoir plus sur Attrapez le vent : Aventures \u00e9piques de kitesurf \u00e0 Oman en \u00e9t\u00e9\" tabindex=\"-1\">\n\t\t\tLire la suite \"\t\t<\/a>\n\n\t\t\t\t<\/div>\n\t\t\t\t<\/article>\n\t\t\t\t<article class=\"elementor-post elementor-grid-item post-11323 impressions type-impressions status-publish has-post-thumbnail hentry\" role=\"listitem\">\n\t\t\t\t<a class=\"elementor-post__thumbnail__link\" href=\"http:\/\/activeoverlander.com\/fr\/impressions\/oman-off-road-explorer-buch-le-meilleur-guide-pour-camper-a-oman\/\" tabindex=\"-1\">\n\t\t\t<div class=\"elementor-post__thumbnail\"><img loading=\"lazy\" decoding=\"async\" width=\"556\" height=\"489\" src=\"http:\/\/activeoverlander.com\/wp-content\/uploads\/2025\/05\/book-2-3.png\" class=\"attachment-large size-large wp-image-9302\" alt=\"Ultimate Guide in Camping Oman\" title=\"\" srcset=\"http:\/\/activeoverlander.com\/wp-content\/uploads\/2025\/05\/book-2-3.png 556w, http:\/\/activeoverlander.com\/wp-content\/uploads\/2025\/05\/book-2-3-300x264.png 300w\" sizes=\"(max-width: 556px) 100vw, 556px\" \/><\/div>\n\t\t<\/a>\n\t\t\t\t<div class=\"elementor-post__text\">\n\t\t\t\t<h1 class=\"elementor-post__title\">\n\t\t\t<a href=\"http:\/\/activeoverlander.com\/fr\/impressions\/oman-off-road-explorer-buch-le-meilleur-guide-pour-camper-a-oman\/\">\n\t\t\t\tOman Off-Road Explorer Buch : Le meilleur guide pour camper \u00e0 Oman\t\t\t<\/a>\n\t\t<\/h1>\n\t\t\t\t<div class=\"elementor-post__excerpt\">\n\t\t\t\t\t<\/div>\n\t\t\n\t\t<a class=\"elementor-post__read-more\" href=\"http:\/\/activeoverlander.com\/fr\/impressions\/oman-off-road-explorer-buch-le-meilleur-guide-pour-camper-a-oman\/\" aria-label=\"En savoir plus sur Oman Off-Road Explorer Buch : Le meilleur guide pour camper \u00e0 Oman\" tabindex=\"-1\">\n\t\t\tLire la suite \"\t\t<\/a>\n\n\t\t\t\t<\/div>\n\t\t\t\t<\/article>\n\t\t\t\t<\/div>\n\t\t\n\t\t\t\t<div class=\"e-load-more-anchor\" data-page=\"1\" data-max-page=\"4\" data-next-page=\"http:\/\/activeoverlander.com\/fr\/wp-json\/wp\/v2\/pages\/2747\/page\/2\/\"><\/div>\n\t\t\t\t<nav class=\"elementor-pagination\" aria-label=\"Pagination\">\n\t\t\t<span class=\"page-numbers prev\">\" Pr\u00e9c\u00e9dent<\/span>\n<span aria-current=\"page\" class=\"page-numbers current\"><span class=\"elementor-screen-only\">Page<\/span>1<\/span>\n<a class=\"page-numbers\" href=\"http:\/\/activeoverlander.com\/fr\/wp-json\/wp\/v2\/pages\/2747\/page\/2\/\"><span class=\"elementor-screen-only\">Page<\/span>2<\/a>\n<a class=\"page-numbers\" href=\"http:\/\/activeoverlander.com\/fr\/wp-json\/wp\/v2\/pages\/2747\/page\/3\/\"><span class=\"elementor-screen-only\">Page<\/span>3<\/a>\n<a class=\"page-numbers\" href=\"http:\/\/activeoverlander.com\/fr\/wp-json\/wp\/v2\/pages\/2747\/page\/4\/\"><span class=\"elementor-screen-only\">Page<\/span>4<\/a>\n<a class=\"page-numbers next\" href=\"http:\/\/activeoverlander.com\/fr\/wp-json\/wp\/v2\/pages\/2747\/page\/2\/\">Suivant \"<\/a>\t\t<\/nav>\n\t\t\t\t\t\t<\/div>\n\t\t\t\t<\/div>\n\t\t\t\t<div class=\"elementor-element elementor-element-5bd1b9e elementor-widget-divider--view-line elementor-widget elementor-widget-divider\" data-id=\"5bd1b9e\" data-element_type=\"widget\" data-e-type=\"widget\" data-widget_type=\"divider.default\">\n\t\t\t\t\t\t\t<div class=\"elementor-divider\">\n\t\t\t<span class=\"elementor-divider-separator\">\n\t\t\t\t\t\t<\/span>\n\t\t<\/div>\n\t\t\t\t\t\t<\/div>\n\t\t\t\t\t<\/div>\n\t\t<\/div>\n\t\t\t\t\t<\/div>\n\t\t<\/section>\n\t\t<div class=\"elementor-element elementor-element-6b59cce e-flex e-con-boxed e-con e-parent\" data-id=\"6b59cce\" data-element_type=\"container\" data-e-type=\"container\">\n\t\t\t\t\t<div class=\"e-con-inner\">\n\t\t\t\t<div class=\"elementor-element elementor-element-686f128 elementor-align-center elementor-mobile-align-left elementor-widget elementor-widget-button\" data-id=\"686f128\" data-element_type=\"widget\" data-e-type=\"widget\" data-widget_type=\"button.default\">\n\t\t\t\t\t\t\t\t\t\t<a class=\"elementor-button elementor-button-link elementor-size-sm elementor-animation-skew\" href=\"https:\/\/activeoverlander.com\/fr\/des-prix\/\">\n\t\t\t\t\t\t<span class=\"elementor-button-content-wrapper\">\n\t\t\t\t\t\t\t\t\t<span class=\"elementor-button-text\">Louer 4X4 avec tente de toit\u27f6<\/span>\n\t\t\t\t\t<\/span>\n\t\t\t\t\t<\/a>\n\t\t\t\t\t\t\t\t<\/div>\n\t\t\t\t\t<\/div>\n\t\t\t\t<\/div>\n\t\t\t\t<\/div>\n\t\t","protected":false},"excerpt":{"rendered":"<p>Explorez Oman : Guides, conseils et r\u00e9cits de voyages d&rsquo;aventure D\u00e9couvrez le meilleur d&rsquo;Oman avec des conseils de voyage d&rsquo;experts, des r\u00e9cits inspirants et des guides d&rsquo;aventure. \u00b7 D\u00e9filer vers le bas \u00b7 Blog de voyage \u00ab\u00a0Tous ceux qui errent ne sont pas perdus J. R. R. Tolkien Louer 4X4 avec tente de toit\u27f6<\/p>\n","protected":false},"author":1,"featured_media":2206,"parent":0,"menu_order":0,"comment_status":"closed","ping_status":"closed","template":"","meta":{"_acf_changed":false,"footnotes":""},"class_list":["post-2747","page","type-page","status-publish","has-post-thumbnail","hentry"],"acf":[],"_links":{"self":[{"href":"http:\/\/activeoverlander.com\/fr\/wp-json\/wp\/v2\/pages\/2747","targetHints":{"allow":["GET"]}}],"collection":[{"href":"http:\/\/activeoverlander.com\/fr\/wp-json\/wp\/v2\/pages"}],"about":[{"href":"http:\/\/activeoverlander.com\/fr\/wp-json\/wp\/v2\/types\/page"}],"author":[{"embeddable":true,"href":"http:\/\/activeoverlander.com\/fr\/wp-json\/wp\/v2\/users\/1"}],"replies":[{"embeddable":true,"href":"http:\/\/activeoverlander.com\/fr\/wp-json\/wp\/v2\/comments?post=2747"}],"version-history":[{"count":15,"href":"http:\/\/activeoverlander.com\/fr\/wp-json\/wp\/v2\/pages\/2747\/revisions"}],"predecessor-version":[{"id":11370,"href":"http:\/\/activeoverlander.com\/fr\/wp-json\/wp\/v2\/pages\/2747\/revisions\/11370"}],"wp:featuredmedia":[{"embeddable":true,"href":"http:\/\/activeoverlander.com\/fr\/wp-json\/wp\/v2\/media\/2206"}],"wp:attachment":[{"href":"http:\/\/activeoverlander.com\/fr\/wp-json\/wp\/v2\/media?parent=2747"}],"curies":[{"name":"wp","href":"https:\/\/api.w.org\/{rel}","templated":true}]}}