{"id":2701,"date":"2021-12-22T14:07:30","date_gmt":"2021-12-22T14:07:30","guid":{"rendered":"http:\/\/activeoverlander.com\/contact\/"},"modified":"2026-02-24T12:58:46","modified_gmt":"2026-02-24T12:58:46","slug":"contact","status":"publish","type":"page","link":"http:\/\/activeoverlander.com\/fr\/contact\/","title":{"rendered":"Contact"},"content":{"rendered":"\t\t<div data-elementor-type=\"wp-page\" data-elementor-id=\"2701\" class=\"elementor elementor-2701 elementor-18\" data-elementor-post-type=\"page\">\n\t\t\t\t\t\t<section class=\"elementor-section elementor-top-section elementor-element elementor-element-116c75a elementor-section-height-min-height elementor-section-content-middle elementor-section-boxed elementor-section-height-default elementor-section-items-middle\" data-id=\"116c75a\" data-element_type=\"section\" data-e-type=\"section\" data-settings=\"{&quot;background_background&quot;:&quot;classic&quot;,&quot;background_motion_fx_motion_fx_scrolling&quot;:&quot;yes&quot;,&quot;background_motion_fx_scale_effect&quot;:&quot;yes&quot;,&quot;background_motion_fx_scale_direction&quot;:&quot;out-in&quot;,&quot;background_motion_fx_scale_speed&quot;:{&quot;unit&quot;:&quot;px&quot;,&quot;size&quot;:4,&quot;sizes&quot;:[]},&quot;background_motion_fx_scale_range&quot;:{&quot;unit&quot;:&quot;%&quot;,&quot;size&quot;:&quot;&quot;,&quot;sizes&quot;:{&quot;start&quot;:20,&quot;end&quot;:80}},&quot;background_motion_fx_devices&quot;:[&quot;desktop&quot;,&quot;tablet&quot;,&quot;mobile&quot;]}\">\n\t\t\t\t\t\t\t<div class=\"elementor-background-overlay\"><\/div>\n\t\t\t\t\t\t\t<div class=\"elementor-container elementor-column-gap-default\">\n\t\t\t\t\t<div class=\"elementor-column elementor-col-100 elementor-top-column elementor-element elementor-element-d56a9bc\" data-id=\"d56a9bc\" data-element_type=\"column\" data-e-type=\"column\">\n\t\t\t<div class=\"elementor-widget-wrap elementor-element-populated\">\n\t\t\t\t\t\t<div class=\"elementor-element elementor-element-eb15da7 elementor-invisible elementor-widget elementor-widget-heading\" data-id=\"eb15da7\" data-element_type=\"widget\" data-e-type=\"widget\" data-settings=\"{&quot;_animation&quot;:&quot;fadeInUp&quot;}\" data-widget_type=\"heading.default\">\n\t\t\t\t\t<h2 class=\"elementor-heading-title elementor-size-default\">Nous contacter<\/h2>\t\t\t\t<\/div>\n\t\t\t\t\t<\/div>\n\t\t<\/div>\n\t\t\t\t\t<\/div>\n\t\t<\/section>\n\t\t\t\t<section class=\"elementor-section elementor-top-section elementor-element elementor-element-d5f5cc4 elementor-section-height-min-height elementor-section-content-middle elementor-section-full_width elementor-section-height-default elementor-section-items-middle\" data-id=\"d5f5cc4\" data-element_type=\"section\" data-e-type=\"section\" data-settings=\"{&quot;background_background&quot;:&quot;classic&quot;}\">\n\t\t\t\t\t\t\t<div class=\"elementor-background-overlay\"><\/div>\n\t\t\t\t\t\t\t<div class=\"elementor-container elementor-column-gap-no\">\n\t\t\t\t\t<div class=\"elementor-column elementor-col-100 elementor-top-column elementor-element elementor-element-5867ee3e\" data-id=\"5867ee3e\" data-element_type=\"column\" data-e-type=\"column\">\n\t\t\t<div class=\"elementor-widget-wrap elementor-element-populated\">\n\t\t\t\t\t\t<section class=\"elementor-section elementor-inner-section elementor-element elementor-element-b5c2a4c elementor-section-content-middle elementor-section-full_width elementor-section-height-default elementor-section-height-default\" data-id=\"b5c2a4c\" data-element_type=\"section\" data-e-type=\"section\">\n\t\t\t\t\t\t<div class=\"elementor-container elementor-column-gap-wide\">\n\t\t\t\t\t<div class=\"elementor-column elementor-col-50 elementor-inner-column elementor-element elementor-element-0530dea\" data-id=\"0530dea\" data-element_type=\"column\" data-e-type=\"column\">\n\t\t\t<div class=\"elementor-widget-wrap elementor-element-populated\">\n\t\t\t\t\t\t<div class=\"elementor-element elementor-element-b7605b9 elementor-widget elementor-widget-html\" data-id=\"b7605b9\" data-element_type=\"widget\" data-e-type=\"widget\" data-widget_type=\"html.default\">\n\t\t\t\t\t<script>(function(){\n  var carFieldId = 'car_choice';\n  var tentFieldId = 'tent_choice';\n  var largeOptionTexts = ['large'];\n  var requiredCarForLargeTexts = ['landcruiser'];\n\n  function normalize(s){ return (s||'').toString().trim().toLowerCase(); }\n  function findSelectByFieldID(id){\n    return Array.from(document.querySelectorAll('select')).find(s=>{\n      return (s.name && s.name.indexOf(id)!==-1) || (s.getAttribute('data-id')===id) || (s.getAttribute('aria-label') && s.getAttribute('aria-label').indexOf(id)!==-1) || (s.id && s.id.indexOf(id)!==-1);\n    }) || null;\n  }\n  function backupOptions(tentSelect){\n    if(!tentSelect) return;\n    if(!tentSelect._originalOptions){\n      tentSelect._originalOptions = Array.from(tentSelect.options).map(o => ({value: o.value, text: o.text}));\n    }\n  }\n  function hasLargeOption(tentSelect){\n    if(!tentSelect) return false;\n    return Array.from(tentSelect.options).some(o => largeOptionTexts.some(k => normalize(o.text).indexOf(k)!==-1));\n  }\n  function removeLargeOption(tentSelect){\n    if(!tentSelect) return;\n    backupOptions(tentSelect);\n    Array.from(tentSelect.options).forEach(o=>{\n      if(largeOptionTexts.some(k => normalize(o.text).indexOf(k)!==-1)){\n        try{o.remove();}catch(e){}\n      }\n    });\n  }\n  function restoreAllOptions(tentSelect){\n    if(!tentSelect || !tentSelect._originalOptions) return;\n    tentSelect.innerHTML = '';\n    tentSelect._originalOptions.forEach(opt=>{\n      var o = document.createElement('option'); o.value = opt.value; o.text = opt.text; tentSelect.appendChild(o);\n    });\n  }\n  function ensureLargePresent(tentSelect){\n    if(!tentSelect) return;\n    if(tentSelect._originalOptions){\n      var origLarge = tentSelect._originalOptions.find(o => largeOptionTexts.some(k => normalize(o.text).indexOf(k)!==-1));\n      if(origLarge && !hasLargeOption(tentSelect)){\n        var o = document.createElement('option');\n        o.value = origLarge.value || ('large-'+Math.random().toString(36).slice(2,7));\n        o.text = origLarge.text;\n        tentSelect.appendChild(o);\n      }\n    } else {\n      if(!hasLargeOption(tentSelect)){\n        var o = document.createElement('option'); o.value='large'; o.text='Large'; tentSelect.appendChild(o);\n      }\n    }\n  }\n  function getCarText(carSelect){\n    if(!carSelect) return '';\n    var opt = carSelect.options[carSelect.selectedIndex];\n    return opt ? normalize(opt.text) : '';\n  }\n  function enforceRule(){\n    var carSelect = findSelectByFieldID(carFieldId);\n    var tentSelect = findSelectByFieldID(tentFieldId);\n    if(!tentSelect) return;\n    backupOptions(tentSelect);\n    var carText = getCarText(carSelect);\n    var allowed = requiredCarForLargeTexts.some(k => carText.indexOf(k)!==-1);\n    if(allowed){\n      restoreAllOptions(tentSelect);\n      ensureLargePresent(tentSelect);\n    } else {\n      var current = tentSelect.options[tentSelect.selectedIndex] ? normalize(tentSelect.options[tentSelect.selectedIndex].text) : '';\n      removeLargeOption(tentSelect);\n      if(largeOptionTexts.some(k => current.indexOf(k)!==-1)){\n        tentSelect.selectedIndex = 0;\n      }\n    }\n  }\n  function preventInvalidSubmit(){\n    document.addEventListener('submit', function(e){\n      var tentSelect = findSelectByFieldID(tentFieldId);\n      var carSelect = findSelectByFieldID(carFieldId);\n      if(!tentSelect || !carSelect) return;\n      var tentText = tentSelect.options[tentSelect.selectedIndex] ? normalize(tentSelect.options[tentSelect.selectedIndex].text) : '';\n      var carText = carSelect.options[carSelect.selectedIndex] ? normalize(carSelect.options[carSelect.selectedIndex].text) : '';\n      if(largeOptionTexts.some(k => tentText.indexOf(k)!==-1) && !requiredCarForLargeTexts.some(k => carText.indexOf(k)!==-1)){\n        e.preventDefault();\n        alert('The Large Rooftop Tent is only available with the Landcruiser. Please choose another tent or select Landcruiser.');\n        return false;\n      }\n    }, true);\n  }\n  document.addEventListener('DOMContentLoaded', function(){\n    setTimeout(function(){\n      var tries = 0;\n      var interval = setInterval(function(){\n        tries++;\n        var carSelect = findSelectByFieldID(carFieldId);\n        var tentSelect = findSelectByFieldID(tentFieldId);\n        if((carSelect && tentSelect) || tries>30){\n          clearInterval(interval);\n          enforceRule();\n          if(carSelect) carSelect.addEventListener('change', enforceRule);\n          preventInvalidSubmit();\n        }\n      }, 200);\n    }, 200);\n  });\n})();\n<\/script>\t\t\t\t<\/div>\n\t\t\t\t<div class=\"elementor-element elementor-element-34ec87d elementor-widget-tablet__width-initial elementor-widget elementor-widget-heading\" data-id=\"34ec87d\" data-element_type=\"widget\" data-e-type=\"widget\" data-widget_type=\"heading.default\">\n\t\t\t\t\t<h2 class=\"elementor-heading-title elementor-size-default\">FORMULAIRE DE R\u00c9SERVATION\n<\/h2>\t\t\t\t<\/div>\n\t\t\t\t<div class=\"elementor-element elementor-element-3291b5a elementor-widget-tablet__width-initial elementor-widget elementor-widget-text-editor\" data-id=\"3291b5a\" data-element_type=\"widget\" data-e-type=\"widget\" data-widget_type=\"text-editor.default\">\n\t\t\t\t\t\t\t\t\tVeuillez remplir ce formulaire afin que nous puissions vous aider \u00e0 organiser des vacances inoubliables.\t\t\t\t\t\t\t\t<\/div>\n\t\t\t\t\t<\/div>\n\t\t<\/div>\n\t\t\t\t<div class=\"elementor-column elementor-col-50 elementor-inner-column elementor-element elementor-element-b49edd4\" data-id=\"b49edd4\" data-element_type=\"column\" data-e-type=\"column\">\n\t\t\t<div class=\"elementor-widget-wrap elementor-element-populated\">\n\t\t\t\t\t\t<div class=\"elementor-element elementor-element-fd468a1 elementor-button-align-stretch elementor-widget elementor-widget-form\" data-id=\"fd468a1\" data-element_type=\"widget\" data-e-type=\"widget\" data-settings=\"{&quot;step_next_label&quot;:&quot;Suivant&quot;,&quot;step_previous_label&quot;:&quot;Pr\\u00e9c\\u00e9dent&quot;,&quot;button_width&quot;:&quot;33&quot;,&quot;step_type&quot;:&quot;number_text&quot;,&quot;step_icon_shape&quot;:&quot;circle&quot;}\" data-widget_type=\"form.default\">\n\t\t\t\t\t<template id=\"cfef_logic_data_fd468a1\" class=\"cfef_logic_data_js\" data-form-id=\"fd468a1\">{&quot;car_choice&quot;:{&quot;display_mode&quot;:&quot;show&quot;,&quot;fire_action&quot;:&quot;All&quot;,&quot;file_types&quot;:&quot;png&quot;,&quot;logic_data&quot;:[{&quot;cfef_logic_field_id&quot;:&quot;inquiry_type&quot;,&quot;cfef_logic_field_is&quot;:&quot;==&quot;,&quot;cfef_logic_compare_value&quot;:&quot;Reservation Request (non binding)&quot;,&quot;_id&quot;:&quot;0bed8a9&quot;}]},&quot;tent_choice&quot;:{&quot;display_mode&quot;:&quot;show&quot;,&quot;fire_action&quot;:&quot;All&quot;,&quot;file_types&quot;:&quot;png&quot;,&quot;logic_data&quot;:[{&quot;cfef_logic_field_id&quot;:&quot;inquiry_type&quot;,&quot;cfef_logic_field_is&quot;:&quot;==&quot;,&quot;cfef_logic_compare_value&quot;:&quot;Reservation Request (non binding)&quot;,&quot;_id&quot;:&quot;0bed8a9&quot;}]},&quot;field_f7874e7&quot;:{&quot;display_mode&quot;:&quot;show&quot;,&quot;fire_action&quot;:&quot;All&quot;,&quot;file_types&quot;:&quot;png&quot;,&quot;logic_data&quot;:[{&quot;cfef_logic_field_id&quot;:&quot;inquiry_type&quot;,&quot;cfef_logic_field_is&quot;:&quot;==&quot;,&quot;cfef_logic_compare_value&quot;:&quot;Reservation Request (non binding)&quot;,&quot;_id&quot;:&quot;0bed8a9&quot;}]}}<\/template>\t\t<form class=\"elementor-form\" method=\"post\" name=\"Nouvelle forme\" aria-label=\"Nouvelle forme\">\n\t\t\t<input type=\"hidden\" name=\"post_id\" value=\"2701\"\/>\n\t\t\t<input type=\"hidden\" name=\"form_id\" value=\"fd468a1\"\/>\n\t\t\t<input type=\"hidden\" name=\"referer_title\" value=\"Contact &bull; Active Overlander\" \/>\n\n\t\t\t\t\t\t\t<input type=\"hidden\" name=\"queried_id\" value=\"2701\"\/>\n\t\t\t\n\t\t\t<div class=\"elementor-form-fields-wrapper elementor-labels-\">\n\t\t\t\t\t\t\t\t<div class=\"elementor-field-type-select elementor-field-group elementor-column elementor-field-group-inquiry_type elementor-col-100 elementor-field-required\">\n\t\t\t\t\t\t\t\t\t\t\t\t<label for=\"form-field-inquiry_type\" class=\"elementor-field-label elementor-screen-only\">\n\t\t\t\t\t\t\t\tType d'enqu\u00eate\t\t\t\t\t\t\t<\/label>\n\t\t\t\t\t\t\t\t<div class=\"elementor-field elementor-select-wrapper remove-before \">\n\t\t\t<div class=\"select-caret-down-wrapper\">\n\t\t\t\t<svg aria-hidden=\"true\" class=\"e-font-icon-svg e-eicon-caret-down\" viewBox=\"0 0 571.4 571.4\" xmlns=\"http:\/\/www.w3.org\/2000\/svg\"><path d=\"M571 393Q571 407 561 418L311 668Q300 679 286 679T261 668L11 418Q0 407 0 393T11 368 36 357H536Q550 357 561 368T571 393Z\"><\/path><\/svg>\t\t\t<\/div>\n\t\t\t<select name=\"form_fields[inquiry_type]\" id=\"form-field-inquiry_type\" class=\"elementor-field-textual elementor-size-sm\" required=\"required\">\n\t\t\t\t\t\t\t\t\t<option value=\"\">S\u00e9lectionnez le type de demande<\/option>\n\t\t\t\t\t\t\t\t\t<option value=\"Demande g\u00e9n\u00e9rale\">Demande g\u00e9n\u00e9rale<\/option>\n\t\t\t\t\t\t\t\t\t<option value=\"Demande de r\u00e9servation (sans engagement)\">Demande de r\u00e9servation (sans engagement)<\/option>\n\t\t\t\t\t\t\t\t\t<option value=\"\"><\/option>\n\t\t\t\t\t\t\t<\/select>\n\t\t<\/div>\n\t\t\t\t\t\t<\/div>\n\t\t\t\t\t\t\t\t<div class=\"elementor-field-type-html elementor-field-group elementor-column elementor-field-group-name elementor-col-100\">\n\t\t\t\t\t\n\n<p style=\"color:#aa9f97; font-size:0.8em; margin:6px 0 0 0;\">\n  *Une demande de r\u00e9servation\n ne confirme pas \nune r\u00e9servation\n.\n<\/p>\n\t\t\t\t<\/div>\n\t\t\t\t\t\t\t\t<div class=\"elementor-field-type-text elementor-field-group elementor-column elementor-field-group-field_f80a618 elementor-col-50\">\n\t\t\t\t\t\t\t\t\t\t\t\t<label for=\"form-field-field_f80a618\" class=\"elementor-field-label elementor-screen-only\">\n\t\t\t\t\t\t\t\tNom\t\t\t\t\t\t\t<\/label>\n\t\t\t\t\t\t\t\t\t\t\t\t\t\t<input size=\"1\" type=\"text\" name=\"form_fields[field_f80a618]\" id=\"form-field-field_f80a618\" class=\"elementor-field elementor-size-sm  elementor-field-textual\" placeholder=\"Nom\">\n\t\t\t\t\t\t\t\t\t\t\t<\/div>\n\t\t\t\t\t\t\t\t<div class=\"elementor-field-type-text elementor-field-group elementor-column elementor-field-group-field_e26ead1 elementor-col-50 elementor-field-required\">\n\t\t\t\t\t\t\t\t\t\t\t\t<label for=\"form-field-field_e26ead1\" class=\"elementor-field-label elementor-screen-only\">\n\t\t\t\t\t\t\t\tNationalit\u00e9\t\t\t\t\t\t\t<\/label>\n\t\t\t\t\t\t\t\t\t\t\t\t\t\t<input size=\"1\" type=\"text\" name=\"form_fields[field_e26ead1]\" id=\"form-field-field_e26ead1\" class=\"elementor-field elementor-size-sm  elementor-field-textual\" placeholder=\"Nationalit\u00e9\" required=\"required\">\n\t\t\t\t\t\t\t\t\t\t\t<\/div>\n\t\t\t\t\t\t\t\t<div class=\"elementor-field-type-email elementor-field-group elementor-column elementor-field-group-email elementor-col-50 elementor-field-required\">\n\t\t\t\t\t\t\t\t\t\t\t\t<label for=\"form-field-email\" class=\"elementor-field-label elementor-screen-only\">\n\t\t\t\t\t\t\t\tE-mail\t\t\t\t\t\t\t<\/label>\n\t\t\t\t\t\t\t\t\t\t\t\t\t\t<input size=\"1\" type=\"email\" name=\"form_fields[email]\" id=\"form-field-email\" class=\"elementor-field elementor-size-sm  elementor-field-textual\" placeholder=\"E-mail\" required=\"required\">\n\t\t\t\t\t\t\t\t\t\t\t<\/div>\n\t\t\t\t\t\t\t\t<div class=\"elementor-field-type-tel elementor-field-group elementor-column elementor-field-group-phone_whatsapp elementor-col-50 elementor-field-required\">\n\t\t\t\t\t\t\t\t\t\t\t\t<label for=\"form-field-phone_whatsapp\" class=\"elementor-field-label elementor-screen-only\">\n\t\t\t\t\t\t\t\tT\u00e9l\u00e9phone\/Appel\t\t\t\t\t\t\t<\/label>\n\t\t\t\t\t\t<span class=\"ccfef-editor-intl-input\" data-id=\"form-field-phone_whatsapp\" data-field-id=\"e248ddf\" data-default-country=\"\" data-include-countries=\"\" data-exclude-countries=\"\" data-dial-code-visibility=\"show\" data-strict-mode=\"no\" style=\"display: none;\"><\/span>\t\t<input size=\"1\" type=\"tel\" name=\"form_fields[phone_whatsapp]\" id=\"form-field-phone_whatsapp\" class=\"elementor-field elementor-size-sm  elementor-field-textual\" placeholder=\"T\u00e9l\u00e9phone\/Appel\" required=\"required\" pattern=\"[0-9()#&amp;+*-=.]+\" title=\"Seuls les caract\u00e8res de num\u00e9ros de t\u00e9l\u00e9phone (#, -, *, etc.) sont accept\u00e9s.\">\n\n\t\t\t\t\t\t<\/div>\n\t\t\t\t\t\t\t\t<div class=\"elementor-field-type-text elementor-field-group elementor-column elementor-field-group-dates elementor-col-50 elementor-field-required\">\n\t\t\t\t\t\t\t\t\t\t\t\t<label for=\"form-field-dates\" class=\"elementor-field-label elementor-screen-only\">\n\t\t\t\t\t\t\t\tDates\t\t\t\t\t\t\t<\/label>\n\t\t\t\t\t\t\t\t\t\t\t\t\t\t<input size=\"1\" type=\"text\" name=\"form_fields[dates]\" id=\"form-field-dates\" class=\"elementor-field elementor-size-sm  elementor-field-textual\" placeholder=\"Dates\" required=\"required\">\n\t\t\t\t\t\t\t\t\t\t\t<\/div>\n\t\t\t\t\t\t\t\t<div class=\"elementor-field-type-select elementor-field-group elementor-column elementor-field-group-car_choice elementor-col-50\">\n\t\t\t\t\t\t\t\t\t\t\t\t<label for=\"form-field-car_choice\" class=\"elementor-field-label elementor-screen-only\">\n\t\t\t\t\t\t\t\tChoisissez votre voiture\t\t\t\t\t\t\t<\/label>\n\t\t\t\t\t\t\t\t<div class=\"elementor-field elementor-select-wrapper remove-before \">\n\t\t\t<div class=\"select-caret-down-wrapper\">\n\t\t\t\t<svg aria-hidden=\"true\" class=\"e-font-icon-svg e-eicon-caret-down\" viewBox=\"0 0 571.4 571.4\" xmlns=\"http:\/\/www.w3.org\/2000\/svg\"><path d=\"M571 393Q571 407 561 418L311 668Q300 679 286 679T261 668L11 418Q0 407 0 393T11 368 36 357H536Q550 357 561 368T571 393Z\"><\/path><\/svg>\t\t\t<\/div>\n\t\t\t<select name=\"form_fields[car_choice]\" id=\"form-field-car_choice\" class=\"elementor-field-textual elementor-size-sm\">\n\t\t\t\t\t\t\t\t\t<option value=\"\">Choisissez votre voiture<\/option>\n\t\t\t\t\t\t\t\t\t<option value=\"SUV\">SUV<\/option>\n\t\t\t\t\t\t\t\t\t<option value=\"Standard\">Standard<\/option>\n\t\t\t\t\t\t\t\t\t<option value=\"Standard Plus\">Standard Plus<\/option>\n\t\t\t\t\t\t\t\t\t<option value=\"Landcruiser\">Landcruiser<\/option>\n\t\t\t\t\t\t\t\t\t<option value=\"\"><\/option>\n\t\t\t\t\t\t\t<\/select>\n\t\t<\/div>\n\t\t\t\t\t\t<\/div>\n\t\t\t\t\t\t\t\t<div class=\"elementor-field-type-select elementor-field-group elementor-column elementor-field-group-tent_choice elementor-col-50\">\n\t\t\t\t\t\t\t\t\t\t\t\t<label for=\"form-field-tent_choice\" class=\"elementor-field-label elementor-screen-only\">\n\t\t\t\t\t\t\t\tChoisissez votre tente de toit\t\t\t\t\t\t\t<\/label>\n\t\t\t\t\t\t\t\t<div class=\"elementor-field elementor-select-wrapper remove-before \">\n\t\t\t<div class=\"select-caret-down-wrapper\">\n\t\t\t\t<svg aria-hidden=\"true\" class=\"e-font-icon-svg e-eicon-caret-down\" viewBox=\"0 0 571.4 571.4\" xmlns=\"http:\/\/www.w3.org\/2000\/svg\"><path d=\"M571 393Q571 407 561 418L311 668Q300 679 286 679T261 668L11 418Q0 407 0 393T11 368 36 357H536Q550 357 561 368T571 393Z\"><\/path><\/svg>\t\t\t<\/div>\n\t\t\t<select name=\"form_fields[tent_choice]\" id=\"form-field-tent_choice\" class=\"elementor-field-textual elementor-size-sm\">\n\t\t\t\t\t\t\t\t\t<option value=\"\">Choisissez votre tente de toit<\/option>\n\t\t\t\t\t\t\t\t\t<option value=\"Small\">Small<\/option>\n\t\t\t\t\t\t\t\t\t<option value=\"Standard\">Standard<\/option>\n\t\t\t\t\t\t\t\t\t<option value=\"Large\">Large<\/option>\n\t\t\t\t\t\t\t\t\t<option value=\"\"><\/option>\n\t\t\t\t\t\t\t<\/select>\n\t\t<\/div>\n\t\t\t\t\t\t<\/div>\n\t\t\t\t\t\t\t\t<div class=\"elementor-field-type-html elementor-field-group elementor-column elementor-field-group-field_f7874e7 elementor-col-100\">\n\t\t\t\t\t<p style=\"color:#aa9f97; font-size:0.8em; margin:6px 0 0 0;\">\n *La grande tente de toit ne peut \u00eatre lou\u00e9e qu'avec le Landcruiser.\n<\/p>\t\t\t\t<\/div>\n\t\t\t\t\t\t\t\t<div class=\"elementor-field-type-text\">\n\t\t\t\t\t<input size=\"1\" type=\"text\" name=\"form_fields[field_b4a8e54]\" id=\"form-field-field_b4a8e54\" class=\"elementor-field elementor-size-sm \" style=\"display:none !important;\">\t\t\t\t<\/div>\n\t\t\t\t\t\t\t\t<div class=\"elementor-field-type-textarea elementor-field-group elementor-column elementor-field-group-message elementor-col-100\">\n\t\t\t\t\t\t\t\t\t\t\t\t<label for=\"form-field-message\" class=\"elementor-field-label elementor-screen-only\">\n\t\t\t\t\t\t\t\tUn message\t\t\t\t\t\t\t<\/label>\n\t\t\t\t\t\t<textarea class=\"elementor-field-textual elementor-field  elementor-size-sm\" name=\"form_fields[message]\" id=\"form-field-message\" rows=\"6\" placeholder=\"Un message\"><\/textarea>\t\t\t\t<\/div>\n\t\t\t\t\t\t\t\t<div class=\"elementor-field-type-acceptance elementor-field-group elementor-column elementor-field-group-field_bf2ddbb elementor-col-100 elementor-field-required\">\n\t\t\t\t\t\t\t<div class=\"elementor-field-subgroup\">\n\t\t\t<span class=\"elementor-field-option\">\n\t\t\t\t<input type=\"checkbox\" name=\"form_fields[field_bf2ddbb]\" id=\"form-field-field_bf2ddbb\" class=\"elementor-field elementor-size-sm  elementor-acceptance-field\" required=\"required\">\n\t\t\t\t<label for=\"form-field-field_bf2ddbb\">J'ai lu et j'accepte la <a href=\"http:\/\/activeoverlander.com\/privacy-policy\"> politique de confidentialit\u00e9<\/a><\/label>\t\t\t<\/span>\n\t\t<\/div>\n\t\t\t\t\t\t<\/div>\n\t\t\t\t\t\t\t\t<div class=\"elementor-field-type-text elementor-field-group elementor-column elementor-field-group-field_4f925fe elementor-col-100\">\n\t\t\t\t\t\t\t\t\t\t\t\t\t<input size=\"1\" type=\"text\" name=\"form_fields[field_4f925fe]\" id=\"form-field-field_4f925fe\" class=\"elementor-field elementor-size-sm  elementor-field-textual\">\n\t\t\t\t\t\t\t\t\t\t\t<\/div>\n\t\t\t\t\t\t\t\t<div class=\"elementor-field-type-text\">\n\t\t\t\t\t<input size=\"1\" type=\"text\" name=\"form_fields[field_20c046a]\" id=\"form-field-field_20c046a\" class=\"elementor-field elementor-size-sm \" style=\"display:none !important;\">\t\t\t\t<\/div>\n\t\t\t\t\t\t\t\t<div class=\"elementor-field-type-recaptcha_v3 elementor-field-group elementor-column elementor-field-group-field_3c0413d elementor-col-100 recaptcha_v3-bottomleft\">\n\t\t\t\t\t<div class=\"elementor-field\" id=\"form-field-field_3c0413d\"><div class=\"elementor-g-recaptcha\" data-sitekey=\"6Lc_hmEsAAAAAF54tV9RX_PrPhD6jvjzAG3pljVD\" data-type=\"v3\" data-action=\"Form\" data-badge=\"bottomleft\" data-size=\"invisible\"><\/div><\/div>\t\t\t\t<\/div>\n\t\t\t\t\t\t\t\t<div class=\"elementor-field-group elementor-column elementor-field-type-submit elementor-col-33 e-form__buttons\">\n\t\t\t\t\t<button class=\"elementor-button elementor-size-sm\" type=\"submit\">\n\t\t\t\t\t\t<span class=\"elementor-button-content-wrapper\">\n\t\t\t\t\t\t\t\t\t\t\t\t\t\t\t\t\t\t\t\t\t\t<span class=\"elementor-button-text\">Envoyer<\/span>\n\t\t\t\t\t\t\t\t\t\t\t\t\t<\/span>\n\t\t\t\t\t<\/button>\n\t\t\t\t<\/div>\n\t\t\t<\/div>\n\t\t<\/form>\n\t\t\t\t\t\t<\/div>\n\t\t\t\t\t<\/div>\n\t\t<\/div>\n\t\t\t\t\t<\/div>\n\t\t<\/section>\n\t\t\t\t\t<\/div>\n\t\t<\/div>\n\t\t\t\t\t<\/div>\n\t\t<\/section>\n\t\t\t\t<\/div>\n\t\t","protected":false},"excerpt":{"rendered":"<p>Nous contacter FORMULAIRE DE R\u00c9SERVATION Veuillez remplir ce formulaire afin que nous puissions vous aider \u00e0 organiser des vacances inoubliables.<\/p>\n","protected":false},"author":1,"featured_media":0,"parent":0,"menu_order":0,"comment_status":"closed","ping_status":"closed","template":"","meta":{"_acf_changed":false,"footnotes":""},"class_list":["post-2701","page","type-page","status-publish","hentry"],"acf":[],"_links":{"self":[{"href":"http:\/\/activeoverlander.com\/fr\/wp-json\/wp\/v2\/pages\/2701","targetHints":{"allow":["GET"]}}],"collection":[{"href":"http:\/\/activeoverlander.com\/fr\/wp-json\/wp\/v2\/pages"}],"about":[{"href":"http:\/\/activeoverlander.com\/fr\/wp-json\/wp\/v2\/types\/page"}],"author":[{"embeddable":true,"href":"http:\/\/activeoverlander.com\/fr\/wp-json\/wp\/v2\/users\/1"}],"replies":[{"embeddable":true,"href":"http:\/\/activeoverlander.com\/fr\/wp-json\/wp\/v2\/comments?post=2701"}],"version-history":[{"count":65,"href":"http:\/\/activeoverlander.com\/fr\/wp-json\/wp\/v2\/pages\/2701\/revisions"}],"predecessor-version":[{"id":10599,"href":"http:\/\/activeoverlander.com\/fr\/wp-json\/wp\/v2\/pages\/2701\/revisions\/10599"}],"wp:attachment":[{"href":"http:\/\/activeoverlander.com\/fr\/wp-json\/wp\/v2\/media?parent=2701"}],"curies":[{"name":"wp","href":"https:\/\/api.w.org\/{rel}","templated":true}]}}