{"id":9240,"date":"2025-05-06T07:44:39","date_gmt":"2025-05-06T07:44:39","guid":{"rendered":"http:\/\/activeoverlander.com\/routen-vorschlaege\/"},"modified":"2026-02-05T15:30:26","modified_gmt":"2026-02-05T15:30:26","slug":"routen-vorschlaege","status":"publish","type":"page","link":"http:\/\/activeoverlander.com\/de\/routen-vorschlaege\/","title":{"rendered":"Die besten Reiserouten f\u00fcr den Oman &#8211; Landschaftliche Routen &amp; Karten"},"content":{"rendered":"\t\t<div data-elementor-type=\"wp-page\" data-elementor-id=\"9240\" class=\"elementor elementor-9240 elementor-9233\" data-elementor-post-type=\"page\">\n\t\t\t\t\t\t<section class=\"elementor-section elementor-top-section elementor-element elementor-element-42d351f elementor-section-height-min-height elementor-section-content-middle elementor-section-boxed elementor-section-height-default elementor-section-items-middle\" data-id=\"42d351f\" data-element_type=\"section\" data-e-type=\"section\" data-settings=\"{&quot;background_background&quot;:&quot;classic&quot;,&quot;background_motion_fx_motion_fx_scrolling&quot;:&quot;yes&quot;,&quot;background_motion_fx_scale_effect&quot;:&quot;yes&quot;,&quot;background_motion_fx_scale_speed&quot;:{&quot;unit&quot;:&quot;px&quot;,&quot;size&quot;:1,&quot;sizes&quot;:[]},&quot;background_motion_fx_scale_direction&quot;:&quot;out-in&quot;,&quot;background_motion_fx_scale_range&quot;:{&quot;unit&quot;:&quot;%&quot;,&quot;size&quot;:&quot;&quot;,&quot;sizes&quot;:{&quot;start&quot;:20,&quot;end&quot;:80}},&quot;background_motion_fx_devices&quot;:[&quot;desktop&quot;,&quot;tablet&quot;,&quot;mobile&quot;]}\">\n\t\t\t\t\t\t\t<div class=\"elementor-background-overlay\"><\/div>\n\t\t\t\t\t\t\t<div class=\"elementor-container elementor-column-gap-default\">\n\t\t\t\t\t<div class=\"elementor-column elementor-col-100 elementor-top-column elementor-element elementor-element-af0634d\" data-id=\"af0634d\" data-element_type=\"column\" data-e-type=\"column\">\n\t\t\t<div class=\"elementor-widget-wrap elementor-element-populated\">\n\t\t\t\t\t\t<div class=\"elementor-element elementor-element-d4676b0 elementor-invisible elementor-widget elementor-widget-heading\" data-id=\"d4676b0\" data-element_type=\"widget\" data-e-type=\"widget\" data-settings=\"{&quot;_animation&quot;:&quot;fadeInUp&quot;}\" data-widget_type=\"heading.default\">\n\t\t\t\t\t<h1 class=\"elementor-heading-title elementor-size-default\">Die besten Reiserouten f\u00fcr den Oman - Landschaftliche Routen &amp; Karten<\/h1>\t\t\t\t<\/div>\n\t\t\t\t<div class=\"elementor-element elementor-element-de2546b elementor-widget elementor-widget-text-editor\" data-id=\"de2546b\" data-element_type=\"widget\" data-e-type=\"widget\" data-widget_type=\"text-editor.default\">\n\t\t\t\t\t\t\t\t\t<p>Fahren Sie Ihren eigenen 4\u00d74 mit einem Dachzelt und sehen Sie den Oman so, wie er sein sollte &#8211; wild, frei und voller Sterne.<\/p>\t\t\t\t\t\t\t\t<\/div>\n\t\t\t\t<div class=\"elementor-element elementor-element-d2db564 elementor-align-center elementor-invisible elementor-widget elementor-widget-button\" data-id=\"d2db564\" data-element_type=\"widget\" data-e-type=\"widget\" data-settings=\"{&quot;_animation&quot;:&quot;rotateInUpRight&quot;}\" data-widget_type=\"button.default\">\n\t\t\t\t\t\t\t\t\t\t<a class=\"elementor-button elementor-button-link elementor-size-sm elementor-animation-rotate\" href=\"http:\/\/activeoverlander.com\/contact\">\n\t\t\t\t\t\t<span class=\"elementor-button-content-wrapper\">\n\t\t\t\t\t\t\t\t\t<span class=\"elementor-button-text\">Planen Sie Ihre Reise<\/span>\n\t\t\t\t\t<\/span>\n\t\t\t\t\t<\/a>\n\t\t\t\t\t\t\t\t<\/div>\n\t\t\t\t<div class=\"elementor-element elementor-element-4b3868c animated-slow elementor-invisible elementor-widget elementor-widget-text-editor\" data-id=\"4b3868c\" data-element_type=\"widget\" data-e-type=\"widget\" data-settings=\"{&quot;_animation&quot;:&quot;zoomInUp&quot;}\" data-widget_type=\"text-editor.default\">\n\t\t\t\t\t\t\t\t\t<p>\u00b7 Runterscrollen \u00b7<\/p>\t\t\t\t\t\t\t\t<\/div>\n\t\t\t\t\t<\/div>\n\t\t<\/div>\n\t\t\t\t\t<\/div>\n\t\t<\/section>\n\t\t<div class=\"elementor-element elementor-element-4529104 e-flex e-con-boxed e-con e-parent\" data-id=\"4529104\" data-element_type=\"container\" data-e-type=\"container\" data-settings=\"{&quot;background_background&quot;:&quot;classic&quot;}\">\n\t\t\t\t\t<div class=\"e-con-inner\">\n\t\t\t\t<div class=\"elementor-element elementor-element-445f1a2 elementor-widget elementor-widget-heading\" data-id=\"445f1a2\" data-element_type=\"widget\" data-e-type=\"widget\" data-widget_type=\"heading.default\">\n\t\t\t\t\t<h2 class=\"elementor-heading-title elementor-size-default\">Sind Sie bereit, den Oman auf eigene Faust zu erkunden?<\/h2>\t\t\t\t<\/div>\n\t\t\t\t<div class=\"elementor-element elementor-element-acc310b elementor-widget elementor-widget-text-editor\" data-id=\"acc310b\" data-element_type=\"widget\" data-e-type=\"widget\" data-widget_type=\"text-editor.default\">\n\t\t\t\t\t\t\t\t\t<p><strong data-start=\"1200\" data-end=\"1235\">Die besten Oman-Road-Trip-Routen<\/strong> beginnen und enden in <strong data-start=\"1253\" data-end=\"1263\">Muscat<\/strong> und verweben Wadis, W\u00fcsten und K\u00fcsten zu einer unvergesslichen Schleife. W\u00e4hlen Sie eine 7-, 10- oder 14-t\u00e4gige Route, mieten Sie einen <a class=\"decorated-link cursor-pointer\" href=\"https:\/\/activeoverlander.com\/de\/preise\/\" target=\"_new\" rel=\"noopener\" data-start=\"1371\" data-end=\"1436\">4\u00d74 mit Dachzelt<\/a> und wachen Sie neben den t\u00fcrkisfarbenen Pools <strong data-start=\"1457\" data-end=\"1472\">von Wadi Shab<\/strong>, den D\u00fcnen von <a class=\"decorated-link cursor-pointer\" href=\"https:\/\/en.wikipedia.org\/wiki\/Sharqiya_Sands\" target=\"_new\" rel=\"noopener\" data-start=\"1503\" data-end=\"1564\">Wahiba Sands<\/a> und der k\u00fchlen Luft von <strong data-start=\"1586\" data-end=\"1601\">Jebel Shams<\/strong> auf. Jeder Kilometer hier wurde von <strong data-start=\"1099\" data-end=\"1114\">Active Overlander<\/strong> gefahren und getestet, so dass Sie reale Fahrzeiten, GPS-Punkte und die besten Pl\u00e4tze zum Zelten unter einer Million Sternen erhalten.  <\/p>\t\t\t\t\t\t\t\t<\/div>\n\t\t\t\t\t<\/div>\n\t\t\t\t<\/div>\n\t\t<div class=\"elementor-element elementor-element-03cd3a0 e-flex e-con-boxed e-con e-parent\" data-id=\"03cd3a0\" data-element_type=\"container\" data-e-type=\"container\" data-settings=\"{&quot;background_background&quot;:&quot;gradient&quot;}\">\n\t\t\t\t\t<div class=\"e-con-inner\">\n\t\t<div class=\"elementor-element elementor-element-9eb034d e-con-full e-flex e-con e-child\" data-id=\"9eb034d\" data-element_type=\"container\" data-e-type=\"container\">\n\t\t\t\t<div class=\"elementor-element elementor-element-1070343 elementor-widget__width-inherit elementor-invisible elementor-widget elementor-widget-image\" data-id=\"1070343\" data-element_type=\"widget\" data-e-type=\"widget\" data-settings=\"{&quot;_animation&quot;:&quot;fadeIn&quot;}\" data-widget_type=\"image.default\">\n\t\t\t\t\t\t\t\t\t\t\t\t<figure class=\"wp-caption\">\n\t\t\t\t\t\t\t\t\t\t\t<a href=\"http:\/\/activeoverlander.com\/wp-content\/uploads\/2025\/05\/6-8-2.png\" data-elementor-open-lightbox=\"yes\" data-elementor-lightbox-title=\"Oman in 6 bis 8 Tagen\" data-e-action-hash=\"#elementor-action%3Aaction%3Dlightbox%26settings%3DeyJpZCI6OTM1MiwidXJsIjoiaHR0cDpcL1wvYWN0aXZlb3ZlcmxhbmRlci5jb21cL3dwLWNvbnRlbnRcL3VwbG9hZHNcLzIwMjVcLzA1XC82LTgtMi5wbmcifQ%3D%3D\">\n\t\t\t\t\t\t\t<img fetchpriority=\"high\" decoding=\"async\" width=\"800\" height=\"642\" src=\"http:\/\/activeoverlander.com\/wp-content\/uploads\/2025\/05\/6-8-2-1024x822.png\" class=\"attachment-large size-large wp-image-9352\" alt=\"Discover oman in 6 to 8 days\" srcset=\"http:\/\/activeoverlander.com\/wp-content\/uploads\/2025\/05\/6-8-2-1024x822.png 1024w, http:\/\/activeoverlander.com\/wp-content\/uploads\/2025\/05\/6-8-2-300x241.png 300w, http:\/\/activeoverlander.com\/wp-content\/uploads\/2025\/05\/6-8-2-768x617.png 768w, http:\/\/activeoverlander.com\/wp-content\/uploads\/2025\/05\/6-8-2.png 1045w\" sizes=\"(max-width: 800px) 100vw, 800px\" title=\"\">\t\t\t\t\t\t\t\t<\/a>\n\t\t\t\t\t\t\t\t\t\t\t<figcaption class=\"widget-image-caption wp-caption-text\"><\/figcaption>\n\t\t\t\t\t\t\t\t\t\t<\/figure>\n\t\t\t\t\t\t\t\t\t<\/div>\n\t\t\t\t<\/div>\n\t\t<div class=\"elementor-element elementor-element-d66a4bb e-con-full e-flex e-con e-child\" data-id=\"d66a4bb\" data-element_type=\"container\" data-e-type=\"container\">\n\t\t\t\t<div class=\"elementor-element elementor-element-e60f9ba elementor-widget elementor-widget-text-editor\" data-id=\"e60f9ba\" data-element_type=\"widget\" data-e-type=\"widget\" data-widget_type=\"text-editor.default\">\n\t\t\t\t\t\t\t\t\t<h2 class=\"\" data-start=\"1205\" data-end=\"1261\">Northern Highlights Loop (empfohlen f\u00fcr 6-8 Tage)<\/h2><p class=\"\" data-start=\"1262\" data-end=\"1290\"><strong data-start=\"1262\" data-end=\"1281\">Gesamtstrecke:<\/strong> ~1100 km<\/p><p class=\"\" data-start=\"1292\" data-end=\"1736\">Die perfekte Route f\u00fcr Neulinge. Durchqueren Sie den <a class=\"cursor-pointer\" target=\"_new\" rel=\"noopener\" data-start=\"1334\" data-end=\"1402\">Snake Canyon<\/a>, erklimmen Sie den m\u00e4chtigen <a class=\"cursor-pointer\" target=\"_new\" rel=\"noopener\" data-start=\"1421\" data-end=\"1487\">Jebel Shams<\/a> und wandern Sie durch Omans historische Juwelen wie das <a class=\"cursor-pointer\" target=\"_new\" rel=\"noopener\" data-start=\"1534\" data-end=\"1601\">Schloss Jabreen<\/a>, die <a class=\"cursor-pointer\" target=\"_new\" rel=\"noopener\" data-start=\"1603\" data-end=\"1670\">Festung Bahla<\/a> und das <a class=\"cursor-pointer\" target=\"_new\" rel=\"noopener\" data-start=\"1676\" data-end=\"1735\">Fort Nizwa<\/a>. <\/p><p class=\"\" data-start=\"1738\" data-end=\"2066\">Sie werden auch in die D\u00fcnen der <a class=\"cursor-pointer\" target=\"_new\" rel=\"noopener\" data-start=\"1780\" data-end=\"1850\">Wahiba Sands<\/a> hinabsteigen und Wadis an der K\u00fcste wie <a class=\"cursor-pointer\" target=\"_new\" rel=\"noopener\" data-start=\"1882\" data-end=\"1943\">Wadi Arbeen<\/a>, <a class=\"cursor-pointer\" target=\"_new\" rel=\"noopener\" data-start=\"1945\" data-end=\"2002\">Wadi Shab<\/a> und <a class=\"cursor-pointer\" target=\"_new\" rel=\"noopener\" data-start=\"2008\" data-end=\"2065\">Wadi Tiwi<\/a> erkunden.<\/p><p class=\"\" data-start=\"2068\" data-end=\"2154\">Diese Schleife kann im oder gegen den Uhrzeigersinn absolviert werden, je nachdem, wo Sie starten.<\/p>\t\t\t\t\t\t\t\t<\/div>\n\t\t\t\t<\/div>\n\t\t\t\t\t<\/div>\n\t\t\t\t<\/div>\n\t\t<div class=\"elementor-element elementor-element-60d32f6 e-flex e-con-boxed e-con e-parent\" data-id=\"60d32f6\" data-element_type=\"container\" data-e-type=\"container\" data-settings=\"{&quot;background_background&quot;:&quot;classic&quot;}\">\n\t\t\t\t\t<div class=\"e-con-inner\">\n\t\t<div class=\"elementor-element elementor-element-2d063e1 e-con-full e-flex e-con e-child\" data-id=\"2d063e1\" data-element_type=\"container\" data-e-type=\"container\">\n\t\t\t\t<div class=\"elementor-element elementor-element-38114ee elementor-widget__width-inherit elementor-invisible elementor-widget elementor-widget-image\" data-id=\"38114ee\" data-element_type=\"widget\" data-e-type=\"widget\" data-settings=\"{&quot;_animation&quot;:&quot;fadeIn&quot;}\" data-widget_type=\"image.default\">\n\t\t\t\t\t\t\t\t\t\t\t\t\t\t\t\t<a href=\"http:\/\/activeoverlander.com\/wp-content\/uploads\/2025\/05\/10-12.png\" data-elementor-open-lightbox=\"yes\" data-elementor-lightbox-title=\"W\u00fcste &amp; K\u00fcstenerweiterung\" data-e-action-hash=\"#elementor-action%3Aaction%3Dlightbox%26settings%3DeyJpZCI6OTM1OSwidXJsIjoiaHR0cDpcL1wvYWN0aXZlb3ZlcmxhbmRlci5jb21cL3dwLWNvbnRlbnRcL3VwbG9hZHNcLzIwMjVcLzA1XC8xMC0xMi5wbmcifQ%3D%3D\">\n\t\t\t\t\t\t\t<img decoding=\"async\" width=\"800\" height=\"674\" src=\"http:\/\/activeoverlander.com\/wp-content\/uploads\/2025\/05\/10-12-1024x863.png\" class=\"attachment-large size-large wp-image-9359\" alt=\"Entdecken Sie den Oman in 10 bis 12 Tagen\" srcset=\"http:\/\/activeoverlander.com\/wp-content\/uploads\/2025\/05\/10-12-1024x863.png 1024w, http:\/\/activeoverlander.com\/wp-content\/uploads\/2025\/05\/10-12-300x253.png 300w, http:\/\/activeoverlander.com\/wp-content\/uploads\/2025\/05\/10-12-768x647.png 768w, http:\/\/activeoverlander.com\/wp-content\/uploads\/2025\/05\/10-12.png 1053w\" sizes=\"(max-width: 800px) 100vw, 800px\" title=\"\">\t\t\t\t\t\t\t\t<\/a>\n\t\t\t\t\t\t\t\t\t\t\t\t\t\t\t<\/div>\n\t\t\t\t<\/div>\n\t\t<div class=\"elementor-element elementor-element-96395f0 e-con-full e-flex e-con e-child\" data-id=\"96395f0\" data-element_type=\"container\" data-e-type=\"container\">\n\t\t\t\t<div class=\"elementor-element elementor-element-ba88c62 elementor-widget elementor-widget-text-editor\" data-id=\"ba88c62\" data-element_type=\"widget\" data-e-type=\"widget\" data-widget_type=\"text-editor.default\">\n\t\t\t\t\t\t\t\t\t<h2 class=\"\" data-start=\"2161\" data-end=\"2221\">W\u00fcsten- und K\u00fcstenerweiterung (empfohlen f\u00fcr 10-12 Tage)<\/h2><p class=\"\" data-start=\"2222\" data-end=\"2250\"><strong data-start=\"2222\" data-end=\"2241\">Gesamtstrecke:<\/strong> ~1500 km<\/p><p class=\"\" data-start=\"2252\" data-end=\"2340\">Gehen Sie noch einen Schritt weiter mit einem Hauch von wilder Abgeschiedenheit. F\u00fcgen Sie eines der abgelegenen K\u00fcstenjuwelen des Omans hinzu: <\/p><ul data-start=\"2341\" data-end=\"2557\"><li class=\"\" data-start=\"2341\" data-end=\"2417\"><p class=\"\" data-start=\"2343\" data-end=\"2417\"><a class=\"cursor-pointer\" target=\"_new\" rel=\"noopener\" data-start=\"2343\" data-end=\"2415\">Bar Al Hikman Lagune<\/a><\/p><\/li><li class=\"\" data-start=\"2418\" data-end=\"2487\"><p class=\"\" data-start=\"2420\" data-end=\"2487\"><a class=\"cursor-pointer\" target=\"_new\" rel=\"noopener\" data-start=\"2420\" data-end=\"2485\">Die Zuckerd\u00fcnen<\/a><\/p><\/li><li class=\"\" data-start=\"2488\" data-end=\"2557\"><p class=\"\" data-start=\"2490\" data-end=\"2557\"><a class=\"cursor-pointer\" target=\"_new\" rel=\"noopener\" data-start=\"2490\" data-end=\"2557\">Insel Masirah<\/a><\/p><\/li><\/ul><p class=\"\" data-start=\"2559\" data-end=\"2781\">Um diese zu erreichen, m\u00fcssen Sie die W\u00fcste durchqueren &#8211; normalerweise von Norden nach S\u00fcden. Die Fahrt dauert etwa 3-4 Stunden und erfordert einen 4WD, einen vollen Tank, abgepumpte Reifen und ein Offline-GPS. In dieser Gegend gibt es kein Mobilfunksignal, seien Sie also gut vorbereitet.  <\/p><p class=\"\" data-start=\"2783\" data-end=\"2872\">Offizielle Updates und Hinweise finden Sie unter <a class=\"\" href=\"https:\/\/experienceoman.om\/\" target=\"_new\" rel=\"noopener\" data-start=\"2824\" data-end=\"2871\">experienceoman.om<\/a>.<\/p>\t\t\t\t\t\t\t\t<\/div>\n\t\t\t\t<\/div>\n\t\t\t\t\t<\/div>\n\t\t\t\t<\/div>\n\t\t<div class=\"elementor-element elementor-element-363ca3f e-flex e-con-boxed e-con e-parent\" data-id=\"363ca3f\" data-element_type=\"container\" data-e-type=\"container\" data-settings=\"{&quot;background_background&quot;:&quot;gradient&quot;}\">\n\t\t\t\t\t<div class=\"e-con-inner\">\n\t\t<div class=\"elementor-element elementor-element-7a85d5f e-con-full e-flex e-con e-child\" data-id=\"7a85d5f\" data-element_type=\"container\" data-e-type=\"container\">\n\t\t\t\t<div class=\"elementor-element elementor-element-a8eeedc elementor-widget__width-inherit elementor-invisible elementor-widget elementor-widget-image\" data-id=\"a8eeedc\" data-element_type=\"widget\" data-e-type=\"widget\" data-settings=\"{&quot;_animation&quot;:&quot;fadeIn&quot;}\" data-widget_type=\"image.default\">\n\t\t\t\t\t\t\t\t\t\t\t\t\t\t\t\t<a href=\"http:\/\/activeoverlander.com\/wp-content\/uploads\/2025\/05\/12-1.png\" data-elementor-open-lightbox=\"yes\" data-elementor-lightbox-title=\"Grand Oman Road Trip\" data-e-action-hash=\"#elementor-action%3Aaction%3Dlightbox%26settings%3DeyJpZCI6OTM2OCwidXJsIjoiaHR0cDpcL1wvYWN0aXZlb3ZlcmxhbmRlci5jb21cL3dwLWNvbnRlbnRcL3VwbG9hZHNcLzIwMjVcLzA1XC8xMi0xLnBuZyJ9\">\n\t\t\t\t\t\t\t<img decoding=\"async\" width=\"800\" height=\"644\" src=\"http:\/\/activeoverlander.com\/wp-content\/uploads\/2025\/05\/12-1-1024x824.png\" class=\"attachment-large size-large wp-image-9368\" alt=\"Entdecken Sie den Oman in 12 oder mehr Tagen\" srcset=\"http:\/\/activeoverlander.com\/wp-content\/uploads\/2025\/05\/12-1-1024x824.png 1024w, http:\/\/activeoverlander.com\/wp-content\/uploads\/2025\/05\/12-1-300x241.png 300w, http:\/\/activeoverlander.com\/wp-content\/uploads\/2025\/05\/12-1-768x618.png 768w, http:\/\/activeoverlander.com\/wp-content\/uploads\/2025\/05\/12-1.png 1034w\" sizes=\"(max-width: 800px) 100vw, 800px\" title=\"\">\t\t\t\t\t\t\t\t<\/a>\n\t\t\t\t\t\t\t\t\t\t\t\t\t\t\t<\/div>\n\t\t\t\t<\/div>\n\t\t<div class=\"elementor-element elementor-element-489f833 e-con-full e-flex e-con e-child\" data-id=\"489f833\" data-element_type=\"container\" data-e-type=\"container\">\n\t\t\t\t<div class=\"elementor-element elementor-element-8cc474d elementor-widget elementor-widget-text-editor\" data-id=\"8cc474d\" data-element_type=\"widget\" data-e-type=\"widget\" data-widget_type=\"text-editor.default\">\n\t\t\t\t\t\t\t\t\t<h2 class=\"\" data-start=\"2879\" data-end=\"2938\">Grand Oman Road Trip (empfohlen f\u00fcr 12 Tage oder mehr)<\/h2><p class=\"\" data-start=\"2939\" data-end=\"2967\"><strong data-start=\"2939\" data-end=\"2958\">Gesamtstrecke:<\/strong> ~3400 km<\/p><p class=\"\" data-start=\"2969\" data-end=\"3152\">Wenn Sie bereit sind, aufs Ganze zu gehen, fahren Sie nach Salalah, Omans gr\u00fcnem Juwel im S\u00fcden. Es ist eine lange Reise (10 Stunden von Muscat oder 8 Stunden von den Zuckerd\u00fcnen), aber die Belohnung ist es wert. <\/p><p class=\"\" data-start=\"3154\" data-end=\"3177\">Stellen Sie sicher, dass Sie es erkunden:<\/p><ul data-start=\"3178\" data-end=\"3509\"><li class=\"\" data-start=\"3178\" data-end=\"3270\"><p class=\"\" data-start=\"3180\" data-end=\"3270\">Die dramatische <a class=\"cursor-pointer\" target=\"_new\" rel=\"noopener\" data-start=\"3193\" data-end=\"3268\">K\u00fcstenstra\u00dfe von Shuwamiyah<\/a><\/p><\/li><li class=\"\" data-start=\"3271\" data-end=\"3395\"><p class=\"\" data-start=\"3273\" data-end=\"3395\">Der wilde Westen in Richtung <a class=\"cursor-pointer\" target=\"_new\" rel=\"noopener\" data-start=\"3294\" data-end=\"3353\">Rakhyut<\/a> und der jemenitischen Grenze (sicher und landschaftlich reizvoll)<\/p><\/li><li class=\"\" data-start=\"3396\" data-end=\"3509\"><p class=\"\" data-start=\"3398\" data-end=\"3509\">Ein k\u00fchner Abstecher in die <a class=\"cursor-pointer\" target=\"_new\" rel=\"noopener\" data-start=\"3421\" data-end=\"3493\">Rub&#8216; al Khali<\/a> (Leeres Viertel)<\/p><\/li><\/ul><p class=\"\" data-start=\"3511\" data-end=\"3586\">Freuen Sie sich auf leere Str\u00e4nde, hoch aufragende Klippen und eine Atmosph\u00e4re echter Abgeschiedenheit.<\/p>\t\t\t\t\t\t\t\t<\/div>\n\t\t\t\t<\/div>\n\t\t\t\t\t<\/div>\n\t\t\t\t<\/div>\n\t\t\t\t<\/div>\n\t\t","protected":false},"excerpt":{"rendered":"<p>Die besten Reiserouten f\u00fcr den Oman &#8211; Landschaftliche Routen &amp; Karten Fahren Sie Ihren eigenen 4\u00d74 mit einem Dachzelt und sehen Sie den Oman so, wie er sein sollte &#8211; wild, frei und voller Sterne. Planen Sie Ihre Reise \u00b7 Runterscrollen \u00b7 Sind Sie bereit, den Oman auf eigene Faust zu erkunden? Die besten Oman-Road-Trip-Routen [&hellip;]<\/p>\n","protected":false},"author":1,"featured_media":2219,"parent":0,"menu_order":0,"comment_status":"closed","ping_status":"closed","template":"","meta":{"_acf_changed":false,"footnotes":""},"class_list":["post-9240","page","type-page","status-publish","has-post-thumbnail","hentry"],"acf":[],"_links":{"self":[{"href":"http:\/\/activeoverlander.com\/de\/wp-json\/wp\/v2\/pages\/9240","targetHints":{"allow":["GET"]}}],"collection":[{"href":"http:\/\/activeoverlander.com\/de\/wp-json\/wp\/v2\/pages"}],"about":[{"href":"http:\/\/activeoverlander.com\/de\/wp-json\/wp\/v2\/types\/page"}],"author":[{"embeddable":true,"href":"http:\/\/activeoverlander.com\/de\/wp-json\/wp\/v2\/users\/1"}],"replies":[{"embeddable":true,"href":"http:\/\/activeoverlander.com\/de\/wp-json\/wp\/v2\/comments?post=9240"}],"version-history":[{"count":14,"href":"http:\/\/activeoverlander.com\/de\/wp-json\/wp\/v2\/pages\/9240\/revisions"}],"predecessor-version":[{"id":11439,"href":"http:\/\/activeoverlander.com\/de\/wp-json\/wp\/v2\/pages\/9240\/revisions\/11439"}],"wp:featuredmedia":[{"embeddable":true,"href":"http:\/\/activeoverlander.com\/de\/wp-json\/wp\/v2\/media\/2219"}],"wp:attachment":[{"href":"http:\/\/activeoverlander.com\/de\/wp-json\/wp\/v2\/media?parent=9240"}],"curies":[{"name":"wp","href":"https:\/\/api.w.org\/{rel}","templated":true}]}}