{"id":9193,"date":"2025-04-11T12:31:14","date_gmt":"2025-04-11T12:31:14","guid":{"rendered":"http:\/\/activeoverlander.com\/info-videos\/"},"modified":"2026-02-05T15:37:43","modified_gmt":"2026-02-05T15:37:43","slug":"info-videos","status":"publish","type":"page","link":"http:\/\/activeoverlander.com\/de\/info-videos\/","title":{"rendered":"Info-Videos"},"content":{"rendered":"\t\t<div data-elementor-type=\"wp-page\" data-elementor-id=\"9193\" class=\"elementor elementor-9193 elementor-9116\" data-elementor-post-type=\"page\">\n\t\t\t\t\t\t<section class=\"elementor-section elementor-top-section elementor-element elementor-element-3676c68 elementor-section-height-min-height elementor-section-content-middle elementor-section-boxed elementor-section-height-default elementor-section-items-middle\" data-id=\"3676c68\" data-element_type=\"section\" data-e-type=\"section\" data-settings=\"{&quot;background_background&quot;:&quot;classic&quot;,&quot;background_motion_fx_motion_fx_scrolling&quot;:&quot;yes&quot;,&quot;background_motion_fx_scale_effect&quot;:&quot;yes&quot;,&quot;background_motion_fx_scale_speed&quot;:{&quot;unit&quot;:&quot;px&quot;,&quot;size&quot;:1,&quot;sizes&quot;:[]},&quot;background_motion_fx_scale_direction&quot;:&quot;out-in&quot;,&quot;background_motion_fx_scale_range&quot;:{&quot;unit&quot;:&quot;%&quot;,&quot;size&quot;:&quot;&quot;,&quot;sizes&quot;:{&quot;start&quot;:20,&quot;end&quot;:80}},&quot;background_motion_fx_devices&quot;:[&quot;desktop&quot;,&quot;tablet&quot;,&quot;mobile&quot;]}\">\n\t\t\t\t\t\t\t<div class=\"elementor-background-overlay\"><\/div>\n\t\t\t\t\t\t\t<div class=\"elementor-container elementor-column-gap-default\">\n\t\t\t\t\t<div class=\"elementor-column elementor-col-100 elementor-top-column elementor-element elementor-element-61c7fa8\" data-id=\"61c7fa8\" data-element_type=\"column\" data-e-type=\"column\" data-settings=\"{&quot;background_background&quot;:&quot;classic&quot;,&quot;background_motion_fx_motion_fx_scrolling&quot;:&quot;yes&quot;,&quot;background_motion_fx_scale_effect&quot;:&quot;yes&quot;,&quot;background_motion_fx_scale_speed&quot;:{&quot;unit&quot;:&quot;px&quot;,&quot;size&quot;:1,&quot;sizes&quot;:[]},&quot;background_motion_fx_scale_direction&quot;:&quot;out-in&quot;,&quot;background_motion_fx_scale_range&quot;:{&quot;unit&quot;:&quot;%&quot;,&quot;size&quot;:&quot;&quot;,&quot;sizes&quot;:{&quot;start&quot;:20,&quot;end&quot;:80}},&quot;background_motion_fx_devices&quot;:[&quot;desktop&quot;,&quot;tablet&quot;,&quot;mobile&quot;]}\">\n\t\t\t<div class=\"elementor-widget-wrap elementor-element-populated\">\n\t\t\t\t\t<div class=\"elementor-background-overlay\"><\/div>\n\t\t\t\t\t\t<div class=\"elementor-element elementor-element-29766ef elementor-widget elementor-widget-heading\" data-id=\"29766ef\" data-element_type=\"widget\" data-e-type=\"widget\" data-widget_type=\"heading.default\">\n\t\t\t\t\t<h3 class=\"elementor-heading-title elementor-size-default\">hier finden Sie n\u00fctzlich  <\/h3>\t\t\t\t<\/div>\n\t\t\t\t<div class=\"elementor-element elementor-element-7e79b86 elementor-invisible elementor-widget elementor-widget-heading\" data-id=\"7e79b86\" data-element_type=\"widget\" data-e-type=\"widget\" data-settings=\"{&quot;_animation&quot;:&quot;fadeInUp&quot;}\" data-widget_type=\"heading.default\">\n\t\t\t\t\t<h2 class=\"elementor-heading-title elementor-size-default\">Videos<\/h2>\t\t\t\t<\/div>\n\t\t\t\t<div class=\"elementor-element elementor-element-e7f9396 animated-slow elementor-invisible elementor-widget elementor-widget-text-editor\" data-id=\"e7f9396\" data-element_type=\"widget\" data-e-type=\"widget\" data-settings=\"{&quot;_animation&quot;:&quot;zoomInUp&quot;}\" data-widget_type=\"text-editor.default\">\n\t\t\t\t\t\t\t\t\t<p>\u00b7 Runterscrollen \u00b7<\/p>\t\t\t\t\t\t\t\t<\/div>\n\t\t\t\t\t<\/div>\n\t\t<\/div>\n\t\t\t\t\t<\/div>\n\t\t<\/section>\n\t\t<div class=\"elementor-element elementor-element-17702fe e-flex e-con-boxed e-con e-parent\" data-id=\"17702fe\" data-element_type=\"container\" data-e-type=\"container\">\n\t\t\t\t\t<div class=\"e-con-inner\">\n\t\t\t\t<div class=\"elementor-element elementor-element-05b992a elementor-widget elementor-widget-heading\" data-id=\"05b992a\" data-element_type=\"widget\" data-e-type=\"widget\" data-widget_type=\"heading.default\">\n\t\t\t\t\t<h2 class=\"elementor-heading-title elementor-size-default\">Sehen Sie sich unsere Info-Videos an und erfahren Sie, wie Sie Dachcamping, 4x4-Reisen und das Outdoor-Leben im Oman meistern.<\/h2>\t\t\t\t<\/div>\n\t\t\t\t<div class=\"elementor-element elementor-element-3bf3c66 elementor-widget elementor-widget-text-editor\" data-id=\"3bf3c66\" data-element_type=\"widget\" data-e-type=\"widget\" data-widget_type=\"text-editor.default\">\n\t\t\t\t\t\t\t\t\tSind Sie bereit, den Oman auf eigene Faust zu erkunden?\t\t\t\t\t\t\t\t<\/div>\n\t\t\t\t\t<\/div>\n\t\t\t\t<\/div>\n\t\t\t\t<section class=\"elementor-section elementor-top-section elementor-element elementor-element-6116519 elementor-section-full_width elementor-section-height-default elementor-section-height-default\" data-id=\"6116519\" data-element_type=\"section\" data-e-type=\"section\" data-settings=\"{&quot;background_background&quot;:&quot;classic&quot;}\">\n\t\t\t\t\t\t<div class=\"elementor-container elementor-column-gap-wide\">\n\t\t\t\t\t<div class=\"elementor-column elementor-col-50 elementor-top-column elementor-element elementor-element-86a5a8d animated-slow elementor-invisible\" data-id=\"86a5a8d\" data-element_type=\"column\" data-e-type=\"column\" data-settings=\"{&quot;background_background&quot;:&quot;classic&quot;,&quot;animation&quot;:&quot;fadeIn&quot;,&quot;animation_tablet&quot;:&quot;fadeIn&quot;,&quot;animation_mobile&quot;:&quot;fadeIn&quot;}\">\n\t\t\t<div class=\"elementor-widget-wrap elementor-element-populated\">\n\t\t\t\t\t\t<div class=\"elementor-element elementor-element-d30b0e6 elementor-widget elementor-widget-heading\" data-id=\"d30b0e6\" data-element_type=\"widget\" data-e-type=\"widget\" data-widget_type=\"heading.default\">\n\t\t\t\t\t<h5 class=\"elementor-heading-title elementor-size-default\">Ein informatives Video<\/h5>\t\t\t\t<\/div>\n\t\t\t\t<div class=\"elementor-element elementor-element-3ac69ed elementor-widget elementor-widget-heading\" data-id=\"3ac69ed\" data-element_type=\"widget\" data-e-type=\"widget\" data-widget_type=\"heading.default\">\n\t\t\t\t\t<h3 class=\"elementor-heading-title elementor-size-default\">Wie baut man ein Dachzelt auf?<\/h3>\t\t\t\t<\/div>\n\t\t\t\t<div class=\"elementor-element elementor-element-f87d762 elementor-widget elementor-widget-image\" data-id=\"f87d762\" data-element_type=\"widget\" data-e-type=\"widget\" data-widget_type=\"image.default\">\n\t\t\t\t\t\t\t\t\t\t\t\t\t\t\t\t<a href=\"https:\/\/www.youtube.com\/watch?feature=shared&#038;v=GsuYaJPyCb0\" target=\"_blank\" rel=\"noopener\">\n\t\t\t\t\t\t\t<img fetchpriority=\"high\" decoding=\"async\" width=\"513\" height=\"286\" src=\"http:\/\/activeoverlander.com\/wp-content\/uploads\/2022\/10\/how-to-set-up-rooftop-tent-oman.png\" class=\"attachment-large size-large wp-image-5293\" alt=\"wie man ein Dachzelt aufbaut Oman Active Oman\" srcset=\"http:\/\/activeoverlander.com\/wp-content\/uploads\/2022\/10\/how-to-set-up-rooftop-tent-oman.png 513w, http:\/\/activeoverlander.com\/wp-content\/uploads\/2022\/10\/how-to-set-up-rooftop-tent-oman-300x167.png 300w\" sizes=\"(max-width: 513px) 100vw, 513px\" title=\"\">\t\t\t\t\t\t\t\t<\/a>\n\t\t\t\t\t\t\t\t\t\t\t\t\t\t\t<\/div>\n\t\t\t\t<div class=\"elementor-element elementor-element-a40dd46 elementor-widget elementor-widget-text-editor\" data-id=\"a40dd46\" data-element_type=\"widget\" data-e-type=\"widget\" data-widget_type=\"text-editor.default\">\n\t\t\t\t\t\t\t\t\t<p>Lernen Sie mit unserer kurzen Anleitung, wie Sie Ihr Dachzelt m\u00fchelos aufbauen k\u00f6nnen. Dieses kurze Video zeigt Ihnen die einfachen Schritte zum Aufbau unserer Dachzelte, damit Sie f\u00fcr Ihr Campingabenteuer im Oman ger\u00fcstet sind. Weitere Informationen finden Sie auf unseren Seiten <a href=\"\/camping-gear\/\">Campingausr\u00fcstung<\/a>, <a href=\"https:\/\/activeoverlander.com\/de\/die-info\/\">N\u00fctzliche Informationen<\/a> und <a href=\"https:\/\/activeoverlander.com\/de\/galerie\/\">Galerie<\/a>. Planen Sie Ihre Reise mit den Informationen des <a href=\"https:\/\/experienceoman.om\" target=\"_blank\" rel=\"noopener\">Oman Tourismus Portals<\/a>. Beginnen Sie Ihr Abenteuer mit Active Overlander noch heute!    <\/p>\t\t\t\t\t\t\t\t<\/div>\n\t\t\t\t\t<\/div>\n\t\t<\/div>\n\t\t\t\t<div class=\"elementor-column elementor-col-50 elementor-top-column elementor-element elementor-element-f40cce4 animated-slow elementor-invisible\" data-id=\"f40cce4\" data-element_type=\"column\" data-e-type=\"column\" data-settings=\"{&quot;background_background&quot;:&quot;classic&quot;,&quot;animation&quot;:&quot;fadeIn&quot;,&quot;animation_tablet&quot;:&quot;fadeIn&quot;,&quot;animation_mobile&quot;:&quot;fadeIn&quot;}\">\n\t\t\t<div class=\"elementor-widget-wrap elementor-element-populated\">\n\t\t\t\t\t\t<div class=\"elementor-element elementor-element-a54b518 elementor-widget elementor-widget-heading\" data-id=\"a54b518\" data-element_type=\"widget\" data-e-type=\"widget\" data-widget_type=\"heading.default\">\n\t\t\t\t\t<h5 class=\"elementor-heading-title elementor-size-default\">Ein informatives Video<\/h5>\t\t\t\t<\/div>\n\t\t\t\t<div class=\"elementor-element elementor-element-3ba2a0d elementor-widget elementor-widget-heading\" data-id=\"3ba2a0d\" data-element_type=\"widget\" data-e-type=\"widget\" data-widget_type=\"heading.default\">\n\t\t\t\t\t<h3 class=\"elementor-heading-title elementor-size-default\">N\u00fctzliche Informationen<\/h3>\t\t\t\t<\/div>\n\t\t\t\t<div class=\"elementor-element elementor-element-bdd1ba4 elementor-widget elementor-widget-image\" data-id=\"bdd1ba4\" data-element_type=\"widget\" data-e-type=\"widget\" data-widget_type=\"image.default\">\n\t\t\t\t\t\t\t\t\t\t\t\t\t\t\t\t<a href=\"https:\/\/youtu.be\/Em2eGBhZqwU\" target=\"_blank\" rel=\"noopener\">\n\t\t\t\t\t\t\t<img decoding=\"async\" width=\"510\" height=\"279\" src=\"http:\/\/activeoverlander.com\/wp-content\/uploads\/2022\/10\/rooftop-tent-camping-useful-information.png\" class=\"attachment-large size-large wp-image-5319\" alt=\"4x4 Camping Oman Video Aktiv Oman\" srcset=\"http:\/\/activeoverlander.com\/wp-content\/uploads\/2022\/10\/rooftop-tent-camping-useful-information.png 510w, http:\/\/activeoverlander.com\/wp-content\/uploads\/2022\/10\/rooftop-tent-camping-useful-information-300x164.png 300w\" sizes=\"(max-width: 510px) 100vw, 510px\" title=\"\">\t\t\t\t\t\t\t\t<\/a>\n\t\t\t\t\t\t\t\t\t\t\t\t\t\t\t<\/div>\n\t\t\t\t<div class=\"elementor-element elementor-element-ecfe30e elementor-widget elementor-widget-text-editor\" data-id=\"ecfe30e\" data-element_type=\"widget\" data-e-type=\"widget\" data-widget_type=\"text-editor.default\">\n\t\t\t\t\t\t\t\t\t<p>Entdecken Sie mit unserem neuen Video-Leitfaden clevere Tricks f\u00fcr das Zelten auf dem Dach im Oman. Von der Auswahl landschaftlich reizvoller W\u00fcstenpl\u00e4tze bis hin zum sicheren und schnellen Aufbau &#8211; dieser Clip ist f\u00fcr Neulinge und erfahrene Camper gleicherma\u00dfen geeignet. Weitere praktische Tipps finden Sie auf unserer Seite <a href=\"\/travel-tips\/\">Reisetipps<\/a> oder erfahren Sie mehr \u00fcber <a href=\"\/4x4-rental\/\">4&#215;4-Mietoptionen<\/a>. Besuchen Sie das <a href=\"https:\/\/experienceoman.om\" target=\"_blank\" rel=\"noopener\">Oman Tourism Portal<\/a> f\u00fcr Ihre Reiseplanung.   <\/p>\t\t\t\t\t\t\t\t<\/div>\n\t\t\t\t\t<\/div>\n\t\t<\/div>\n\t\t\t\t\t<\/div>\n\t\t<\/section>\n\t\t\t\t<\/div>\n\t\t","protected":false},"excerpt":{"rendered":"<p>hier finden Sie n\u00fctzlich Videos \u00b7 Runterscrollen \u00b7 Sehen Sie sich unsere Info-Videos an und erfahren Sie, wie Sie Dachcamping, 4&#215;4-Reisen und das Outdoor-Leben im Oman meistern. Sind Sie bereit, den Oman auf eigene Faust zu erkunden? Ein informatives Video Wie baut man ein Dachzelt auf? Lernen Sie mit unserer kurzen Anleitung, wie Sie Ihr [&hellip;]<\/p>\n","protected":false},"author":1,"featured_media":8008,"parent":0,"menu_order":0,"comment_status":"closed","ping_status":"closed","template":"","meta":{"_acf_changed":false,"footnotes":""},"class_list":["post-9193","page","type-page","status-publish","has-post-thumbnail","hentry"],"acf":[],"_links":{"self":[{"href":"http:\/\/activeoverlander.com\/de\/wp-json\/wp\/v2\/pages\/9193","targetHints":{"allow":["GET"]}}],"collection":[{"href":"http:\/\/activeoverlander.com\/de\/wp-json\/wp\/v2\/pages"}],"about":[{"href":"http:\/\/activeoverlander.com\/de\/wp-json\/wp\/v2\/types\/page"}],"author":[{"embeddable":true,"href":"http:\/\/activeoverlander.com\/de\/wp-json\/wp\/v2\/users\/1"}],"replies":[{"embeddable":true,"href":"http:\/\/activeoverlander.com\/de\/wp-json\/wp\/v2\/comments?post=9193"}],"version-history":[{"count":5,"href":"http:\/\/activeoverlander.com\/de\/wp-json\/wp\/v2\/pages\/9193\/revisions"}],"predecessor-version":[{"id":11462,"href":"http:\/\/activeoverlander.com\/de\/wp-json\/wp\/v2\/pages\/9193\/revisions\/11462"}],"wp:featuredmedia":[{"embeddable":true,"href":"http:\/\/activeoverlander.com\/de\/wp-json\/wp\/v2\/media\/8008"}],"wp:attachment":[{"href":"http:\/\/activeoverlander.com\/de\/wp-json\/wp\/v2\/media?parent=9193"}],"curies":[{"name":"wp","href":"https:\/\/api.w.org\/{rel}","templated":true}]}}