{"id":2685,"date":"2021-12-22T14:07:30","date_gmt":"2021-12-22T14:07:30","guid":{"rendered":"http:\/\/activeoverlander.com\/reiseblog\/"},"modified":"2026-02-05T13:49:40","modified_gmt":"2026-02-05T13:49:40","slug":"reiseblog","status":"publish","type":"page","link":"http:\/\/activeoverlander.com\/de\/reiseblog\/","title":{"rendered":"Reiseblog"},"content":{"rendered":"\t\t<div data-elementor-type=\"wp-page\" data-elementor-id=\"2685\" class=\"elementor elementor-2685 elementor-17\" data-elementor-post-type=\"page\">\n\t\t\t\t\t\t<section class=\"elementor-section elementor-top-section elementor-element elementor-element-9fb264c elementor-section-height-min-height elementor-section-content-middle elementor-section-boxed elementor-section-height-default elementor-section-items-middle\" data-id=\"9fb264c\" data-element_type=\"section\" data-e-type=\"section\" data-settings=\"{&quot;background_background&quot;:&quot;classic&quot;,&quot;background_motion_fx_motion_fx_scrolling&quot;:&quot;yes&quot;,&quot;background_motion_fx_scale_effect&quot;:&quot;yes&quot;,&quot;background_motion_fx_scale_direction&quot;:&quot;out-in&quot;,&quot;background_motion_fx_scale_speed&quot;:{&quot;unit&quot;:&quot;px&quot;,&quot;size&quot;:4,&quot;sizes&quot;:[]},&quot;background_motion_fx_scale_range&quot;:{&quot;unit&quot;:&quot;%&quot;,&quot;size&quot;:&quot;&quot;,&quot;sizes&quot;:{&quot;start&quot;:20,&quot;end&quot;:80}},&quot;background_motion_fx_devices&quot;:[&quot;desktop&quot;,&quot;tablet&quot;,&quot;mobile&quot;]}\">\n\t\t\t\t\t\t\t<div class=\"elementor-background-overlay\"><\/div>\n\t\t\t\t\t\t\t<div class=\"elementor-container elementor-column-gap-default\">\n\t\t\t\t\t<div class=\"elementor-column elementor-col-100 elementor-top-column elementor-element elementor-element-69b261d\" data-id=\"69b261d\" data-element_type=\"column\" data-e-type=\"column\">\n\t\t\t<div class=\"elementor-widget-wrap elementor-element-populated\">\n\t\t\t\t\t\t<div class=\"elementor-element elementor-element-6134d72 elementor-invisible elementor-widget elementor-widget-heading\" data-id=\"6134d72\" data-element_type=\"widget\" data-e-type=\"widget\" data-settings=\"{&quot;_animation&quot;:&quot;fadeInUp&quot;}\" data-widget_type=\"heading.default\">\n\t\t\t\t\t<h1 class=\"elementor-heading-title elementor-size-default\"><a href=\"https:\/\/travelworklive.de\/\" target=\"_blank\" rel=\"noopener\">Explorez Oman : Guides, conseils et r\u00e9cits de voyages d'aventure<\/a><\/h1>\t\t\t\t<\/div>\n\t\t\t\t<div class=\"elementor-element elementor-element-9efcb5d animated-slow elementor-invisible elementor-widget elementor-widget-heading\" data-id=\"9efcb5d\" data-element_type=\"widget\" data-e-type=\"widget\" data-settings=\"{&quot;_animation&quot;:&quot;fadeInUp&quot;,&quot;_animation_tablet&quot;:&quot;fadeInUp&quot;,&quot;_animation_mobile&quot;:&quot;fadeInUp&quot;,&quot;_animation_delay&quot;:1200}\" data-widget_type=\"heading.default\">\n\t\t\t\t\t<h2 class=\"elementor-heading-title elementor-size-default\">D\u00e9couvrez le meilleur d'Oman avec des conseils de voyage d'experts, des r\u00e9cits inspirants et des guides d'aventure.<\/h2>\t\t\t\t<\/div>\n\t\t\t\t<div class=\"elementor-element elementor-element-9805192 animated-slow elementor-invisible elementor-widget elementor-widget-text-editor\" data-id=\"9805192\" data-element_type=\"widget\" data-e-type=\"widget\" data-settings=\"{&quot;_animation&quot;:&quot;zoomInUp&quot;}\" data-widget_type=\"text-editor.default\">\n\t\t\t\t\t\t\t\t\t<p>\u00b7 D\u00e9filer vers le bas \u00b7<\/p>\t\t\t\t\t\t\t\t<\/div>\n\t\t\t\t\t<\/div>\n\t\t<\/div>\n\t\t\t\t\t<\/div>\n\t\t<\/section>\n\t\t\t\t<section class=\"elementor-section elementor-top-section elementor-element elementor-element-0fd89ab elementor-section-full_width elementor-section-height-default elementor-section-height-default\" data-id=\"0fd89ab\" data-element_type=\"section\" data-e-type=\"section\">\n\t\t\t\t\t\t<div class=\"elementor-container elementor-column-gap-default\">\n\t\t\t\t\t<div class=\"elementor-column elementor-col-100 elementor-top-column elementor-element elementor-element-14386ac\" data-id=\"14386ac\" data-element_type=\"column\" data-e-type=\"column\">\n\t\t\t<div class=\"elementor-widget-wrap elementor-element-populated\">\n\t\t\t\t\t\t<div class=\"elementor-element elementor-element-a57e5dc elementor-widget elementor-widget-heading\" data-id=\"a57e5dc\" data-element_type=\"widget\" data-e-type=\"widget\" data-settings=\"{&quot;_animation_mobile&quot;:&quot;fadeInUp&quot;}\" data-widget_type=\"heading.default\">\n\t\t\t\t\t<h2 class=\"elementor-heading-title elementor-size-default\">Blog de voyage<\/h2>\t\t\t\t<\/div>\n\t\t\t\t<div class=\"elementor-element elementor-element-95eb5be elementor-widget elementor-widget-heading\" data-id=\"95eb5be\" data-element_type=\"widget\" data-e-type=\"widget\" data-settings=\"{&quot;_animation_mobile&quot;:&quot;fadeInUp&quot;}\" data-widget_type=\"heading.default\">\n\t\t\t\t\t<h3 class=\"elementor-heading-title elementor-size-default\">\"Tous ceux qui errent ne sont pas perdus<\/h3>\t\t\t\t<\/div>\n\t\t\t\t<div class=\"elementor-element elementor-element-769678d elementor-widget elementor-widget-heading\" data-id=\"769678d\" data-element_type=\"widget\" data-e-type=\"widget\" data-widget_type=\"heading.default\">\n\t\t\t\t\t<h2 class=\"elementor-heading-title elementor-size-default\">J. R. R. Tolkien<\/h2>\t\t\t\t<\/div>\n\t\t\t\t<div class=\"elementor-element elementor-element-464d1cb elementor-widget-divider--view-line elementor-widget elementor-widget-divider\" data-id=\"464d1cb\" data-element_type=\"widget\" data-e-type=\"widget\" data-widget_type=\"divider.default\">\n\t\t\t\t\t\t\t<div class=\"elementor-divider\">\n\t\t\t<span class=\"elementor-divider-separator\">\n\t\t\t\t\t\t<\/span>\n\t\t<\/div>\n\t\t\t\t\t\t<\/div>\n\t\t\t\t<div class=\"elementor-element elementor-element-a90e3ab elementor-grid-3 elementor-grid-tablet-2 elementor-grid-mobile-1 elementor-posts--thumbnail-top elementor-widget elementor-widget-posts\" data-id=\"a90e3ab\" data-element_type=\"widget\" data-e-type=\"widget\" data-settings=\"{&quot;pagination_type&quot;:&quot;numbers_and_prev_next&quot;,&quot;classic_columns&quot;:&quot;3&quot;,&quot;classic_columns_tablet&quot;:&quot;2&quot;,&quot;classic_columns_mobile&quot;:&quot;1&quot;,&quot;classic_row_gap&quot;:{&quot;unit&quot;:&quot;px&quot;,&quot;size&quot;:35,&quot;sizes&quot;:[]},&quot;classic_row_gap_tablet&quot;:{&quot;unit&quot;:&quot;px&quot;,&quot;size&quot;:&quot;&quot;,&quot;sizes&quot;:[]},&quot;classic_row_gap_mobile&quot;:{&quot;unit&quot;:&quot;px&quot;,&quot;size&quot;:&quot;&quot;,&quot;sizes&quot;:[]}}\" data-widget_type=\"posts.classic\">\n\t\t\t\t<div class=\"elementor-widget-container\">\n\t\t\t\t\t\t\t<div class=\"elementor-posts-container elementor-posts elementor-posts--skin-classic elementor-grid\" role=\"list\">\n\t\t\t\t<article class=\"elementor-post elementor-grid-item post-9664 impressions type-impressions status-publish has-post-thumbnail hentry\" role=\"listitem\">\n\t\t\t\t<a class=\"elementor-post__thumbnail__link\" href=\"http:\/\/activeoverlander.com\/de\/impressions\/drohnenflug-im-oman-jetzt-erlaubt\/\" tabindex=\"-1\">\n\t\t\t<div class=\"elementor-post__thumbnail\"><img fetchpriority=\"high\" decoding=\"async\" width=\"768\" height=\"512\" src=\"http:\/\/activeoverlander.com\/wp-content\/uploads\/2025\/10\/drone_oman_landscape.png\" class=\"attachment-large size-large wp-image-9659\" alt=\"Drone Flying in Oman\" title=\"\" srcset=\"http:\/\/activeoverlander.com\/wp-content\/uploads\/2025\/10\/drone_oman_landscape.png 768w, http:\/\/activeoverlander.com\/wp-content\/uploads\/2025\/10\/drone_oman_landscape-300x200.png 300w\" sizes=\"(max-width: 768px) 100vw, 768px\" \/><\/div>\n\t\t<\/a>\n\t\t\t\t<div class=\"elementor-post__text\">\n\t\t\t\t<h1 class=\"elementor-post__title\">\n\t\t\t<a href=\"http:\/\/activeoverlander.com\/de\/impressions\/drohnenflug-im-oman-jetzt-erlaubt\/\">\n\t\t\t\tDROHNENFLUG IM OMAN JETZT ERLAUBT!!!\t\t\t<\/a>\n\t\t<\/h1>\n\t\t\t\t<div class=\"elementor-post__excerpt\">\n\t\t\t<p>Steigen Sie zu neuen H\u00f6hen auf: Ihr ultimativer Leitfaden zum Drohnenfliegen im Oman mit einem<\/p>\n\t\t<\/div>\n\t\t\n\t\t<a class=\"elementor-post__read-more\" href=\"http:\/\/activeoverlander.com\/de\/impressions\/drohnenflug-im-oman-jetzt-erlaubt\/\" aria-label=\"Mehr \u00fcber DROHNENFLUG IM OMAN JETZT ERLAUBT!!!\" tabindex=\"-1\">\n\t\t\tLire la suite \"\t\t<\/a>\n\n\t\t\t\t<\/div>\n\t\t\t\t<\/article>\n\t\t\t\t<article class=\"elementor-post elementor-grid-item post-9666 impressions type-impressions status-publish has-post-thumbnail hentry\" role=\"listitem\">\n\t\t\t\t<a class=\"elementor-post__thumbnail__link\" href=\"http:\/\/activeoverlander.com\/de\/impressions\/top-5-wuestenrouten-im-oman-fuer-4x4-campingabenteuer\/\" tabindex=\"-1\">\n\t\t\t<div class=\"elementor-post__thumbnail\"><img decoding=\"async\" width=\"800\" height=\"534\" src=\"http:\/\/activeoverlander.com\/wp-content\/uploads\/2025\/09\/oman-desert-dunes-wahiba-sands-1024x683.jpg\" class=\"attachment-large size-large wp-image-9635\" alt=\"crossing dunes in Wahiba Sands, Oman\" title=\"\" srcset=\"http:\/\/activeoverlander.com\/wp-content\/uploads\/2025\/09\/oman-desert-dunes-wahiba-sands-1024x683.jpg 1024w, http:\/\/activeoverlander.com\/wp-content\/uploads\/2025\/09\/oman-desert-dunes-wahiba-sands-300x200.jpg 300w, http:\/\/activeoverlander.com\/wp-content\/uploads\/2025\/09\/oman-desert-dunes-wahiba-sands-768x512.jpg 768w, http:\/\/activeoverlander.com\/wp-content\/uploads\/2025\/09\/oman-desert-dunes-wahiba-sands-1536x1024.jpg 1536w, http:\/\/activeoverlander.com\/wp-content\/uploads\/2025\/09\/oman-desert-dunes-wahiba-sands.jpg 1900w\" sizes=\"(max-width: 800px) 100vw, 800px\" \/><\/div>\n\t\t<\/a>\n\t\t\t\t<div class=\"elementor-post__text\">\n\t\t\t\t<h1 class=\"elementor-post__title\">\n\t\t\t<a href=\"http:\/\/activeoverlander.com\/de\/impressions\/top-5-wuestenrouten-im-oman-fuer-4x4-campingabenteuer\/\">\n\t\t\t\tTop 5 W\u00fcstenrouten im Oman f\u00fcr 4&#215;4 Campingabenteuer\t\t\t<\/a>\n\t\t<\/h1>\n\t\t\t\t<div class=\"elementor-post__excerpt\">\n\t\t\t<p>Top 5 W\u00fcstenrouten im Oman f\u00fcr 4&#215;4 Campingabenteuer Planen Sie einen epischen W\u00fcstentrip im Oman?<\/p>\n\t\t<\/div>\n\t\t\n\t\t<a class=\"elementor-post__read-more\" href=\"http:\/\/activeoverlander.com\/de\/impressions\/top-5-wuestenrouten-im-oman-fuer-4x4-campingabenteuer\/\" aria-label=\"Mehr \u00fcber Top 5 W\u00fcstenrouten im Oman f\u00fcr 4&#215;4 Campingabenteuer\" tabindex=\"-1\">\n\t\t\tLire la suite \"\t\t<\/a>\n\n\t\t\t\t<\/div>\n\t\t\t\t<\/article>\n\t\t\t\t<article class=\"elementor-post elementor-grid-item post-9668 impressions type-impressions status-publish has-post-thumbnail hentry\" role=\"listitem\">\n\t\t\t\t<a class=\"elementor-post__thumbnail__link\" href=\"http:\/\/activeoverlander.com\/de\/impressions\/zuckerduenen-oman-ueberdachung-zelt-camping\/\" tabindex=\"-1\">\n\t\t\t<div class=\"elementor-post__thumbnail\"><img decoding=\"async\" width=\"800\" height=\"534\" src=\"http:\/\/activeoverlander.com\/wp-content\/uploads\/2025\/09\/Sugar-Dunes-Oman-rooftop-tent-camping-1-1024x683.jpg\" class=\"attachment-large size-large wp-image-9610\" alt=\"\" title=\"\" srcset=\"http:\/\/activeoverlander.com\/wp-content\/uploads\/2025\/09\/Sugar-Dunes-Oman-rooftop-tent-camping-1-1024x683.jpg 1024w, http:\/\/activeoverlander.com\/wp-content\/uploads\/2025\/09\/Sugar-Dunes-Oman-rooftop-tent-camping-1-300x200.jpg 300w, http:\/\/activeoverlander.com\/wp-content\/uploads\/2025\/09\/Sugar-Dunes-Oman-rooftop-tent-camping-1-768x512.jpg 768w, http:\/\/activeoverlander.com\/wp-content\/uploads\/2025\/09\/Sugar-Dunes-Oman-rooftop-tent-camping-1-1536x1024.jpg 1536w, http:\/\/activeoverlander.com\/wp-content\/uploads\/2025\/09\/Sugar-Dunes-Oman-rooftop-tent-camping-1-2048x1365.jpg 2048w\" sizes=\"(max-width: 800px) 100vw, 800px\" \/><\/div>\n\t\t<\/a>\n\t\t\t\t<div class=\"elementor-post__text\">\n\t\t\t\t<h1 class=\"elementor-post__title\">\n\t\t\t<a href=\"http:\/\/activeoverlander.com\/de\/impressions\/zuckerduenen-oman-ueberdachung-zelt-camping\/\">\n\t\t\t\tZuckerd\u00fcnen Oman \u00dcberdachung Zelt Camping\t\t\t<\/a>\n\t\t<\/h1>\n\t\t\t\t<div class=\"elementor-post__excerpt\">\n\t\t\t<p>Zuckerd\u00fcnen Oman: Ein Paradies zum Zelten auf dem Dach Was sind die Zuckerd\u00fcnen? Zuckerd\u00fcnen Oman<\/p>\n\t\t<\/div>\n\t\t\n\t\t<a class=\"elementor-post__read-more\" href=\"http:\/\/activeoverlander.com\/de\/impressions\/zuckerduenen-oman-ueberdachung-zelt-camping\/\" aria-label=\"Mehr \u00fcber Zuckerd\u00fcnen Oman \u00dcberdachung Zelt Camping\" tabindex=\"-1\">\n\t\t\tLire la suite \"\t\t<\/a>\n\n\t\t\t\t<\/div>\n\t\t\t\t<\/article>\n\t\t\t\t<article class=\"elementor-post elementor-grid-item post-9432 impressions type-impressions status-publish has-post-thumbnail hentry\" role=\"listitem\">\n\t\t\t\t<a class=\"elementor-post__thumbnail__link\" href=\"http:\/\/activeoverlander.com\/de\/impressions\/oman-campingreise-2-wochen-im-4x4-dachzelt\/\" tabindex=\"-1\">\n\t\t\t<div class=\"elementor-post__thumbnail\"><img loading=\"lazy\" decoding=\"async\" width=\"800\" height=\"450\" src=\"http:\/\/activeoverlander.com\/wp-content\/uploads\/2025\/05\/oman-camping-roadtrip-1024x576.jpg\" class=\"attachment-large size-large wp-image-9413\" alt=\"Oman camping trip\" title=\"\" srcset=\"http:\/\/activeoverlander.com\/wp-content\/uploads\/2025\/05\/oman-camping-roadtrip-1024x576.jpg 1024w, http:\/\/activeoverlander.com\/wp-content\/uploads\/2025\/05\/oman-camping-roadtrip-300x169.jpg 300w, http:\/\/activeoverlander.com\/wp-content\/uploads\/2025\/05\/oman-camping-roadtrip-768x432.jpg 768w, http:\/\/activeoverlander.com\/wp-content\/uploads\/2025\/05\/oman-camping-roadtrip-1536x864.jpg 1536w, http:\/\/activeoverlander.com\/wp-content\/uploads\/2025\/05\/oman-camping-roadtrip.jpg 1900w\" sizes=\"(max-width: 800px) 100vw, 800px\" \/><\/div>\n\t\t<\/a>\n\t\t\t\t<div class=\"elementor-post__text\">\n\t\t\t\t<h1 class=\"elementor-post__title\">\n\t\t\t<a href=\"http:\/\/activeoverlander.com\/de\/impressions\/oman-campingreise-2-wochen-im-4x4-dachzelt\/\">\n\t\t\t\tOman Campingreise &#8211; 2 Wochen im 4&#215;4-Dachzelt\t\t\t<\/a>\n\t\t<\/h1>\n\t\t\t\t<div class=\"elementor-post__excerpt\">\n\t\t\t<p>2 Wochen im Oman: Ein Abenteuer auf dem Dachzelt (Gastbeitrag) Dieser Gastbeitrag stammt von Michael<\/p>\n\t\t<\/div>\n\t\t\n\t\t<a class=\"elementor-post__read-more\" href=\"http:\/\/activeoverlander.com\/de\/impressions\/oman-campingreise-2-wochen-im-4x4-dachzelt\/\" aria-label=\"Mehr \u00fcber Oman Campingreise &#8211; 2 Wochen im 4&#215;4-Dachzelt\" tabindex=\"-1\">\n\t\t\tLire la suite \"\t\t<\/a>\n\n\t\t\t\t<\/div>\n\t\t\t\t<\/article>\n\t\t\t\t<article class=\"elementor-post elementor-grid-item post-9400 impressions type-impressions status-publish has-post-thumbnail hentry\" role=\"listitem\">\n\t\t\t\t<a class=\"elementor-post__thumbnail__link\" href=\"http:\/\/activeoverlander.com\/de\/impressions\/fangen-sie-den-wind-epische-kitesurfing-abenteuer-im-oman-im-sommer\/\" tabindex=\"-1\">\n\t\t\t<div class=\"elementor-post__thumbnail\"><img loading=\"lazy\" decoding=\"async\" width=\"800\" height=\"534\" src=\"http:\/\/activeoverlander.com\/wp-content\/uploads\/2025\/05\/pexels-mographe-30560213_optimized-1024x683.jpg\" class=\"attachment-large size-large wp-image-9333\" alt=\"Catch the Wind: Kite Surfing Adventures in Oman in Summer\" title=\"\" srcset=\"http:\/\/activeoverlander.com\/wp-content\/uploads\/2025\/05\/pexels-mographe-30560213_optimized-1024x683.jpg 1024w, http:\/\/activeoverlander.com\/wp-content\/uploads\/2025\/05\/pexels-mographe-30560213_optimized-300x200.jpg 300w, http:\/\/activeoverlander.com\/wp-content\/uploads\/2025\/05\/pexels-mographe-30560213_optimized-768x512.jpg 768w, http:\/\/activeoverlander.com\/wp-content\/uploads\/2025\/05\/pexels-mographe-30560213_optimized.jpg 1200w\" sizes=\"(max-width: 800px) 100vw, 800px\" \/><\/div>\n\t\t<\/a>\n\t\t\t\t<div class=\"elementor-post__text\">\n\t\t\t\t<h1 class=\"elementor-post__title\">\n\t\t\t<a href=\"http:\/\/activeoverlander.com\/de\/impressions\/fangen-sie-den-wind-epische-kitesurfing-abenteuer-im-oman-im-sommer\/\">\n\t\t\t\tFangen Sie den Wind: Epische Kitesurfing-Abenteuer im Oman im Sommer\t\t\t<\/a>\n\t\t<\/h1>\n\t\t\t\t<div class=\"elementor-post__excerpt\">\n\t\t\t<p>Kitesurfen im Oman: Sommerabenteuer mit einem 4&#215;4 und einem Dachzelt Wenn Sie auf der Suche<\/p>\n\t\t<\/div>\n\t\t\n\t\t<a class=\"elementor-post__read-more\" href=\"http:\/\/activeoverlander.com\/de\/impressions\/fangen-sie-den-wind-epische-kitesurfing-abenteuer-im-oman-im-sommer\/\" aria-label=\"Mehr \u00fcber Fangen Sie den Wind: Epische Kitesurfing-Abenteuer im Oman im Sommer\" tabindex=\"-1\">\n\t\t\tLire la suite \"\t\t<\/a>\n\n\t\t\t\t<\/div>\n\t\t\t\t<\/article>\n\t\t\t\t<article class=\"elementor-post elementor-grid-item post-11329 impressions type-impressions status-publish hentry\" role=\"listitem\">\n\t\t\t\t<div class=\"elementor-post__text\">\n\t\t\t\t<h1 class=\"elementor-post__title\">\n\t\t\t<a href=\"http:\/\/activeoverlander.com\/de\/impressions\/oman-off-road-explorer-buch-ultimativer-fuehrer-fuer-camping-im-oman-2\/\">\n\t\t\t\tOman Off-Road Explorer Buch: Ultimativer F\u00fchrer f\u00fcr Camping im Oman\t\t\t<\/a>\n\t\t<\/h1>\n\t\t\t\t<div class=\"elementor-post__excerpt\">\n\t\t\t\t\t<\/div>\n\t\t\n\t\t<a class=\"elementor-post__read-more\" href=\"http:\/\/activeoverlander.com\/de\/impressions\/oman-off-road-explorer-buch-ultimativer-fuehrer-fuer-camping-im-oman-2\/\" aria-label=\"Mehr \u00fcber Oman Off-Road Explorer Buch: Ultimativer F\u00fchrer f\u00fcr Camping im Oman\" tabindex=\"-1\">\n\t\t\tLire la suite \"\t\t<\/a>\n\n\t\t\t\t<\/div>\n\t\t\t\t<\/article>\n\t\t\t\t<\/div>\n\t\t\n\t\t\t\t<div class=\"e-load-more-anchor\" data-page=\"1\" data-max-page=\"4\" data-next-page=\"http:\/\/activeoverlander.com\/de\/wp-json\/wp\/v2\/pages\/2685\/page\/2\/\"><\/div>\n\t\t\t\t<nav class=\"elementor-pagination\" aria-label=\"Seitennummerierung\">\n\t\t\t<span class=\"page-numbers prev\">\" Pr\u00e9c\u00e9dent<\/span>\n<span aria-current=\"page\" class=\"page-numbers current\"><span class=\"elementor-screen-only\">Seite<\/span>1<\/span>\n<a class=\"page-numbers\" href=\"http:\/\/activeoverlander.com\/de\/wp-json\/wp\/v2\/pages\/2685\/page\/2\/\"><span class=\"elementor-screen-only\">Seite<\/span>2<\/a>\n<a class=\"page-numbers\" href=\"http:\/\/activeoverlander.com\/de\/wp-json\/wp\/v2\/pages\/2685\/page\/3\/\"><span class=\"elementor-screen-only\">Seite<\/span>3<\/a>\n<a class=\"page-numbers\" href=\"http:\/\/activeoverlander.com\/de\/wp-json\/wp\/v2\/pages\/2685\/page\/4\/\"><span class=\"elementor-screen-only\">Seite<\/span>4<\/a>\n<a class=\"page-numbers next\" href=\"http:\/\/activeoverlander.com\/de\/wp-json\/wp\/v2\/pages\/2685\/page\/2\/\">Suivant \"<\/a>\t\t<\/nav>\n\t\t\t\t\t\t<\/div>\n\t\t\t\t<\/div>\n\t\t\t\t<div class=\"elementor-element elementor-element-5bd1b9e elementor-widget-divider--view-line elementor-widget elementor-widget-divider\" data-id=\"5bd1b9e\" data-element_type=\"widget\" data-e-type=\"widget\" data-widget_type=\"divider.default\">\n\t\t\t\t\t\t\t<div class=\"elementor-divider\">\n\t\t\t<span class=\"elementor-divider-separator\">\n\t\t\t\t\t\t<\/span>\n\t\t<\/div>\n\t\t\t\t\t\t<\/div>\n\t\t\t\t\t<\/div>\n\t\t<\/div>\n\t\t\t\t\t<\/div>\n\t\t<\/section>\n\t\t<div class=\"elementor-element elementor-element-6b59cce e-flex e-con-boxed e-con e-parent\" data-id=\"6b59cce\" data-element_type=\"container\" data-e-type=\"container\">\n\t\t\t\t\t<div class=\"e-con-inner\">\n\t\t\t\t<div class=\"elementor-element elementor-element-686f128 elementor-align-center elementor-mobile-align-left elementor-widget elementor-widget-button\" data-id=\"686f128\" data-element_type=\"widget\" data-e-type=\"widget\" data-widget_type=\"button.default\">\n\t\t\t\t\t\t\t\t\t\t<a class=\"elementor-button elementor-button-link elementor-size-sm elementor-animation-skew\" href=\"https:\/\/activeoverlander.com\/de\/preise\/\">\n\t\t\t\t\t\t<span class=\"elementor-button-content-wrapper\">\n\t\t\t\t\t\t\t\t\t<span class=\"elementor-button-text\">Louer 4X4 avec tente de toit\u27f6<\/span>\n\t\t\t\t\t<\/span>\n\t\t\t\t\t<\/a>\n\t\t\t\t\t\t\t\t<\/div>\n\t\t\t\t\t<\/div>\n\t\t\t\t<\/div>\n\t\t\t\t<\/div>\n\t\t","protected":false},"excerpt":{"rendered":"<p>Explorez Oman : Guides, conseils et r\u00e9cits de voyages d&#8217;aventure D\u00e9couvrez le meilleur d&#8217;Oman avec des conseils de voyage d&#8217;experts, des r\u00e9cits inspirants et des guides d&#8217;aventure. \u00b7 D\u00e9filer vers le bas \u00b7 Blog de voyage &#8222;Tous ceux qui errent ne sont pas perdus J. R. R. Tolkien Louer 4X4 avec tente de toit\u27f6<\/p>\n","protected":false},"author":1,"featured_media":2207,"parent":0,"menu_order":0,"comment_status":"closed","ping_status":"closed","template":"","meta":{"_acf_changed":false,"footnotes":""},"class_list":["post-2685","page","type-page","status-publish","has-post-thumbnail","hentry"],"acf":[],"_links":{"self":[{"href":"http:\/\/activeoverlander.com\/de\/wp-json\/wp\/v2\/pages\/2685","targetHints":{"allow":["GET"]}}],"collection":[{"href":"http:\/\/activeoverlander.com\/de\/wp-json\/wp\/v2\/pages"}],"about":[{"href":"http:\/\/activeoverlander.com\/de\/wp-json\/wp\/v2\/types\/page"}],"author":[{"embeddable":true,"href":"http:\/\/activeoverlander.com\/de\/wp-json\/wp\/v2\/users\/1"}],"replies":[{"embeddable":true,"href":"http:\/\/activeoverlander.com\/de\/wp-json\/wp\/v2\/comments?post=2685"}],"version-history":[{"count":10,"href":"http:\/\/activeoverlander.com\/de\/wp-json\/wp\/v2\/pages\/2685\/revisions"}],"predecessor-version":[{"id":11372,"href":"http:\/\/activeoverlander.com\/de\/wp-json\/wp\/v2\/pages\/2685\/revisions\/11372"}],"wp:featuredmedia":[{"embeddable":true,"href":"http:\/\/activeoverlander.com\/de\/wp-json\/wp\/v2\/media\/2207"}],"wp:attachment":[{"href":"http:\/\/activeoverlander.com\/de\/wp-json\/wp\/v2\/media?parent=2685"}],"curies":[{"name":"wp","href":"https:\/\/api.w.org\/{rel}","templated":true}]}}